{"id":189,"date":"2017-01-30T22:00:23","date_gmt":"2017-01-30T21:00:23","guid":{"rendered":"http:\/\/nl.ijs.si\/kas\/?page_id=189"},"modified":"2024-01-17T09:59:28","modified_gmt":"2024-01-17T08:59:28","slug":"bibliografija","status":"publish","type":"page","link":"https:\/\/nl.ijs.si\/kas\/bibliografija\/","title":{"rendered":"Bibliografija"},"content":{"rendered":"<p><\/p>\n\n\n<p><strong>2020<\/strong><\/p>\n<ol>\n<li>ERJAVEC, Toma\u017e, FI\u0160ER, Darja, LJUBE\u0160I\u0106, Nikola. <em>The KAS corpus of Slovenian academic writing<\/em>. Language Resources &amp; Evaluation, 2020. <a href=\"https:\/\/doi.org\/10.1007\/s10579-020-09506-4\">https:\/\/doi.org\/10.1007\/s10579-020-09506-4<\/a>. Prispevek dostopen za branje na <a href=\"https:\/\/rdcu.be\/b7GrB\">https:\/\/rdcu.be\/b7GrB<\/a>.<\/li>\n<\/ol>\n<p><strong>2019<\/strong><\/p>\n<ol>\n<li>LOGAR, Nata\u0161a. <em>Medbesedilnost in stil slovenskih strokovno-znanstvenih besedil<\/em>. Ljubljana: Fakulteta za dru\u017ebene vede, 2019. Delovno poro\u010dilo projekta. [COBISS.SI-ID <a href=\"https:\/\/plus.cobiss.net\/cobiss\/si\/sl\/bib\/36053597\">36053597<\/a>] [<a href=\"https:\/\/nl.ijs.si\/kas\/wp-content\/uploads\/2019\/03\/KAS-medbesedilnost-in-stil-Logar.pdf\"><strong>PDF<\/strong><\/a>]<\/li>\n<li>LOGAR, Nata\u0161a, KOSEM, Iztok, Toma\u017e ERJAVEC. <em>ALEKS: Leksikalno-skladenjska podatkovna zbirka slovenskega strokovno-znanstvenega jezika (zasnova in zgradba). <\/em>Ljubljana: Fakulteta za dru\u017ebene vede; Center za jezikovne vire in tehnologije; Institut &#8220;Jo\u017eef Stefan&#8221;, 2019. Delovno poro\u010dilo projekta. [COBISS.SI-ID <a class=\"red\" href=\"https:\/\/plus.cobiss.net\/cobiss\/si\/sl\/bib\/300937984\" target=\"_blank\" rel=\"noopener noreferrer\">300937984<\/a>] [<a href=\"https:\/\/nl.ijs.si\/kas\/wp-content\/uploads\/2019\/07\/KAS-ALEKS.pdf\"><strong>PDF<\/strong><\/a>]<br \/>Podatkovna zbirka je dostopna prek portala <a href=\"https:\/\/www.termania.net\/slovarji\/223\/kas-slovar-splosnostrokovne-leksike\"><strong>Termania<\/strong><\/a>.<\/li>\n<\/ol>\n<p style=\"text-align: justify;\"><strong>2018<\/strong><\/p>\n<ol style=\"text-align: justify;\">\n<li>ERJAVEC, Toma\u017e, FI\u0160ER, Darja, LJUBE\u0160I\u0106, Nikola, BITENC, Maja<i>. Bilingual terminology extraction dataset KAS-biterm 1.0<\/i>. Ljubljana: Slovenian Language Resource Repository CLARIN.SI, 2018. <a class=\"red\" href=\"http:\/\/hdl.handle.net\/11356\/1199\"> http:\/\/hdl.handle.net\/11356\/1199<\/a>. [COBISS.SI-ID <a class=\"red\" href=\"https:\/\/plus.cobiss.net\/cobiss\/si\/sl\/bib\/31753255\" target=\"_blank\" rel=\"noopener noreferrer\">31753255<\/a>]<\/li>\n<li>ERJAVEC, Toma\u017e, FI\u0160ER, Darja, LJUBE\u0160I\u0106, Nikola, ARHAR HOLDT, \u0160pela, BREN, Urban, ROBNIK \u0160IKONJA, Marko, UDOVI\u010c, Bo\u0161tjan<i>. Terminology identification dataset KAS-term 1.0<\/i>. Ljubljana: Slovenian Language Resource Repository CLARIN.SI, 2018. <a class=\"red\" href=\"http:\/\/hdl.handle.net\/11356\/1198\"> http:\/\/hdl.handle.net\/11356\/1198<\/a>. [COBISS.SI-ID <a class=\"red\" href=\"https:\/\/plus.cobiss.net\/cobiss\/si\/sl\/bib\/31753511\" target=\"_blank\" rel=\"noopener noreferrer\">31753511<\/a>]<\/li>\n<li>KUKOVI\u010cI\u010c, Klara Eva. 2018. Uporabnost lu\u0161\u010dilnikov terminologije Sketch Engine in CollTerm z vidika (\u0161tudenta) prevajalca.\u00a0 <em>Zbornik konference Jezikovne tehnologije in digitalna humanistika \/ Proceedings of the conference on <\/em><em>Language Technologies &amp; Digital Humanities<\/em>. Faculty of Electrical Engineering, University of Ljubljana. 20.\u201321. 9. 2018, Ljubljana. [<strong><a href=\"http:\/\/www.sdjt.si\/wp\/wp-content\/uploads\/2018\/09\/JTDH-2018_Students_Kukovicic_Primerjava-luscilnikov-terminologije-Sketch-Engine-in-CollTerm-za-znanstvena-besedila.pdf\" target=\"_blank\" rel=\"noopener noreferrer\" data-saferedirecturl=\"https:\/\/www.google.com\/url?q=http:\/\/www.sdjt.si\/wp\/wp-content\/uploads\/2018\/09\/JTDH-2018_Students_Kukovicic_Primerjava-luscilnikov-terminologije-Sketch-Engine-in-CollTerm-za-znanstvena-besedila.pdf&amp;source=gmail&amp;ust=1539449111993000&amp;usg=AFQjCNHznKh8D6ssfV-9fth_30l_cruhJw\">PDF<\/a><\/strong>] [<strong><a href=\"http:\/\/www.sdjt.si\/wp\/wp-content\/uploads\/2018\/10\/04Kukovi%C4%8Di%C4%8D_JTDH2018.pdf\" target=\"_blank\" rel=\"noopener noreferrer\" data-saferedirecturl=\"https:\/\/www.google.com\/url?q=http:\/\/www.sdjt.si\/wp\/wp-content\/uploads\/2018\/10\/04Kukovi%25C4%258Di%25C4%258D_JTDH2018.pdf&amp;source=gmail&amp;ust=1539449111993000&amp;usg=AFQjCNGQ42rdmTAjEzAWHjLhs7e2ARpdrg\">PPT<\/a><\/strong>]<\/li>\n<li>LJUBE\u0160I\u0106, Nikola, ERJAVEC,\u00a0Toma\u017e, FI\u0160ER, Darja. 2018. KAS-term and KAS-biterm: Datasets and baselines for monolingual and bilingual terminology extraction from academic writing. <em>Zbornik konference Jezikovne tehnologije in digitalna humanistika \/ Proceedings of the conference on <\/em><em>Language Technologies &amp; Digital Humanities<\/em>. Faculty of Electrical Engineering, University of Ljubljana. 20.\u201321. 9. 2018, Ljubljana. [<strong><a href=\"http:\/\/www.sdjt.si\/wp\/wp-content\/uploads\/2018\/09\/JTDH-2018_Ljubesic-et-al_KAS-term-and-KAS-biterm-Datasets-and-baselines-for-monolingual-and-bilingual-terminology-extraction-from-academic-writing.pdf\" target=\"_blank\" rel=\"noopener noreferrer\" data-saferedirecturl=\"https:\/\/www.google.com\/url?q=http:\/\/www.sdjt.si\/wp\/wp-content\/uploads\/2018\/09\/JTDH-2018_Ljubesic-et-al_KAS-term-and-KAS-biterm-Datasets-and-baselines-for-monolingual-and-bilingual-terminology-extraction-from-academic-writing.pdf&amp;source=gmail&amp;ust=1539449111992000&amp;usg=AFQjCNEKDUrKC7dtJyTJ9treZznx7w_7fg\">PDF<\/a><\/strong>]<\/li>\n<li>LOGAR, Nata\u0161a. 2018.\u00a0<em>Strokovno-znanstveni jezik: \u0161tudijska literatura in priro\u010dniki v Sloveniji ter kratek pregled tujih praks.<\/em> Delovno poro\u010dilo projekta. [<a href=\"https:\/\/nl.ijs.si\/kas\/wp-content\/uploads\/2018\/03\/KAS-pregled-prirocnikov-navodil-in-predmetov-Logar.pdf\"><strong>PDF<\/strong><\/a>]<\/li>\n<li>LOGAR, Nata\u0161a, ERJAVEC, Toma\u017e. 2018. Strokovno-znanstvena sloven\u0161\u010dina: besednovrstne in oblikoskladenjske zna\u010dilnosti. <em>Zbornik konference Jezikovne tehnologije in digitalna humanistika \/ Proceedings of the conference on <\/em><em>Language Technologies &amp; Digital Humanities<\/em>. Faculty of Electrical Engineering, University of Ljubljana. 20.\u201321. 9. 2018, Ljubljana. [<strong><a href=\"http:\/\/www.sdjt.si\/wp\/wp-content\/uploads\/2018\/09\/JTDH-2018_Logar-et-al_Strokovno-znanstvena-slovenscina-besednovrstne-in-oblikoskladenjske-znacilnosti.pdf\" target=\"_blank\" rel=\"noopener noreferrer\" data-saferedirecturl=\"https:\/\/www.google.com\/url?q=http:\/\/www.sdjt.si\/wp\/wp-content\/uploads\/2018\/09\/JTDH-2018_Logar-et-al_Strokovno-znanstvena-slovenscina-besednovrstne-in-oblikoskladenjske-znacilnosti.pdf&amp;source=gmail&amp;ust=1539449111992000&amp;usg=AFQjCNHBdxJXmk8cPagsieulrz1lWX910Q\">PDF<\/a><\/strong>] [<strong><a href=\"http:\/\/www.sdjt.si\/wp\/wp-content\/uploads\/2018\/10\/01LogarErjavec_JTDH2018.pdf\" target=\"_blank\" rel=\"noopener noreferrer\" data-saferedirecturl=\"https:\/\/www.google.com\/url?q=http:\/\/www.sdjt.si\/wp\/wp-content\/uploads\/2018\/10\/01LogarErjavec_JTDH2018.pdf&amp;source=gmail&amp;ust=1539449111992000&amp;usg=AFQjCNEmodhCCpKoJZ87JVyaFzSZxKr7jg\">PPT<\/a><\/strong>]<\/li>\n<li>OSRAJNIK, Eneja, FI\u0160ER,\u00a0Darja, GORJANC, Vojko. 2018. Korpusna analiza nestandardne vejice po uvajalnih prislovnih zvezah v slovenskih formalnih in neformalnih besedilih. <em>Zbornik konference Jezikovne tehnologije in digitalna humanistika \/ Proceedings of the conference on <\/em><em>Language Technologies &amp; Digital Humanities<\/em>. Faculty of Electrical Engineering, University of Ljubljana. 20.\u201321. 9. 2018, Ljubljana. [<strong><a href=\"http:\/\/www.sdjt.si\/wp\/wp-content\/uploads\/2018\/09\/JTDH-2018_Osrajnik-et-al_Korpusna-analiza-nestandardne-stave-vejice-po-uvajalnih-prislovnih-zvezah.pdf\" target=\"_blank\" rel=\"noopener noreferrer\" data-saferedirecturl=\"https:\/\/www.google.com\/url?q=http:\/\/www.sdjt.si\/wp\/wp-content\/uploads\/2018\/09\/JTDH-2018_Osrajnik-et-al_Korpusna-analiza-nestandardne-stave-vejice-po-uvajalnih-prislovnih-zvezah.pdf&amp;source=gmail&amp;ust=1539449111993000&amp;usg=AFQjCNH3iF8LuDsIzDvGPXJUkm1DluI0bg\">PDF<\/a><\/strong>] [<strong><a href=\"http:\/\/www.sdjt.si\/wp\/wp-content\/uploads\/2018\/10\/04OsrajnikFi%C5%A1erGorjanc_JTDH2018.pdf\" target=\"_blank\" rel=\"noopener noreferrer\" data-saferedirecturl=\"https:\/\/www.google.com\/url?q=http:\/\/www.sdjt.si\/wp\/wp-content\/uploads\/2018\/10\/04OsrajnikFi%25C5%25A1erGorjanc_JTDH2018.pdf&amp;source=gmail&amp;ust=1539449111993000&amp;usg=AFQjCNGu47hlcXdYuKE53WAixjiZQzrLZA\">PPT<\/a><\/strong>]<\/li>\n<\/ol>\n<p style=\"text-align: justify;\"><strong>2017<\/strong><\/p>\n<ol style=\"text-align: justify;\">\n<li>LOGAR, Nata\u0161a. 2017. Pou\u010devanje strokovno-znanstvenega jezika na slovenskih univerzah: pregled \u0161tudijske literature in navodil za izdelavo zaklju\u010dnih del. <em>Sloven\u0161\u010dina 2.0 0 : empiri\u010dne, aplikativne in interdisciplinarne raziskave<\/em>, ISSN 2335-2736, letn. 5, \u0161t. 1, str. 38\u201369.\u00a0 [<a href=\"http:\/\/slovenscina2.0.trojina.si\/arhiv\/2017\/1\/Slo2.0_2017_1_03.pdf\"><strong>PDF<\/strong><\/a>]<\/li>\n<li>LOGAR, Nata\u0161a, ERJAVEC, Toma\u017e. 2017. Slovene academic writing : a corpus approach to lexical analysis. V: <em>Interdisciplinary knowledge-making, challenges for LSP research : book of abstracts<\/em>. Bergen: Norwegian School of Economics, str. 44. [COBISS.SI-ID <a href=\"https:\/\/plus.cobiss.net\/cobiss\/si\/sl\/bib\/34988381\">34988381<\/a>]<\/li>\n<\/ol>\n<p style=\"text-align: justify;\"><strong>2016<\/strong><\/p>\n<ol>\n<li style=\"text-align: justify;\">ERJAVEC, Toma\u017e, FI\u0160ER, Darja, LJUBE\u0160I\u0106, Nikola, LOGAR, Nata\u0161a, OJSTER\u0160EK, Milan. 2016. Slovenska znanstvena besedila: prototipni korpus in na\u010drt analiz. <i>Proceedings of the Conference on Language Technologies &amp; Digital Humanities, September 29th &#8211; October 1st, 2016. Faculty of Arts, University of Ljubljana, Ljubljana, Slovenia<\/i>, 2016, str. 58-64. [COBISS.SI-ID <a class=\"red\" href=\"https:\/\/plus.cobiss.net\/cobiss\/si\/sl\/bib\/62530146\" target=\"_blank\" rel=\"noopener noreferrer\">62530146<\/a>] [<strong><a href=\"http:\/\/www.sdjt.si\/wp\/wp-content\/uploads\/2016\/09\/JTDH-2016_Erjavec-et-al_Slovenska-akademska-besedila.pdf\">PDF<\/a><\/strong>]<\/li>\n<li style=\"text-align: justify;\">FI\u0160ER, Darja, SUCHOMEL, Vit, JAKUBI\u010cEK, Milo\u0161. 2016. Terminology extraction for academic Slovene using sketch engine. <i>RASLAN 2016: Recent Advances in Slavonic Natural Language Processing : proceedings<\/i>. Brno: Tribun EU, 2016, str. 135-141. [COBISS.SI-ID <a class=\"red\" href=\"https:\/\/plus.cobiss.net\/cobiss\/si\/sl\/bib\/62994018\" target=\"_blank\" rel=\"noopener noreferrer\">62994018<\/a>] [<strong><a href=\"https:\/\/nlp.fi.muni.cz\/raslan\/raslan16.pdf\">PDF<\/a><\/strong>]<\/li>\n<li style=\"text-align: justify;\">LOGAR, Nata\u0161a, ARHAR HOLDT, \u0160pela, ERJAVEC, Toma\u017e. 2016. Slovenski strokovni jezik: korpusni opis trpnika. <i>Topori\u0161i\u010deva obdobja<\/i>, (Obdobja, ISSN 1408-211X, Simpozij, = Symposium, 35), 2016, str. 237-245. [COBISS.SI-ID <a class=\"red\" href=\"https:\/\/plus.cobiss.net\/cobiss\/si\/sl\/bib\/34453853\" target=\"_blank\" rel=\"noopener noreferrer\">34453853<\/a>] [<strong><a href=\"http:\/\/centerslo.si\/wp-content\/uploads\/2016\/11\/LogarArhHolErj.pdf\">PDF<\/a><\/strong>]<\/li>\n<li style=\"text-align: justify;\">LOGAR, Nata\u0161a, BENEVOL GABRIJEL\u010cI\u010c, Katja, BREN, Urban, DOLENC, Sa\u0161o, KRAPE\u017d, Katarina, ROMIH, Miro, \u017dAGAR KARER, Mojca, KREK, Simon, GORJANC, Vojko, JEMEC TOMAZIN, Mateja, ARHAR HOLDT, \u0160pela, FI\u0160ER, Darja. 2016. Terminologija v poklicnem vsakdanu : stanje in potrebe. <em>Sloven\u0161\u010dina 2.0 : empiri\u010dne, aplikativne in interdisciplinarne raziskave<\/em>, ISSN 2335-2736, letn. 4, \u0161t. 1, str. 42-78. doi: <a href=\"https:\/\/doi.org\/10.4312\/slo2.0.2016.1.42-78\">10.4312\/slo2.0.2016.1.42-78<\/a>. [COBISS.SI-ID <a href=\"https:\/\/plus.cobiss.net\/cobiss\/si\/sl\/bib\/300937984\">63583074<\/a>] [<a href=\"http:\/\/slovenscina2.0.trojina.si\/arhiv\/2016\/1\/Slo2.0_2016_1_05.pdf\"><strong>PDF<\/strong><\/a>]<\/li>\n<\/ol>\n\n\n<p><\/p>\n\n<!--themify_builder_content-->\n<div id=\"themify_builder_content-189\" data-postid=\"189\" class=\"themify_builder_content themify_builder_content-189 themify_builder tf_clear\">\n    <\/div>\n<!--\/themify_builder_content-->","protected":false},"excerpt":{"rendered":"<p>2020 ERJAVEC, Toma\u017e, FI\u0160ER, Darja, LJUBE\u0160I\u0106, Nikola. The KAS corpus of Slovenian academic writing. Language Resources &amp; Evaluation, 2020. https:\/\/doi.org\/10.1007\/s10579-020-09506-4. Prispevek dostopen za branje na https:\/\/rdcu.be\/b7GrB. 2019 LOGAR, Nata\u0161a. Medbesedilnost in stil slovenskih strokovno-znanstvenih besedil. Ljubljana: Fakulteta za dru\u017ebene vede, 2019. Delovno poro\u010dilo projekta. [COBISS.SI-ID 36053597] [PDF] LOGAR, Nata\u0161a, KOSEM, Iztok, Toma\u017e ERJAVEC. ALEKS: Leksikalno-skladenjska [&hellip;]<\/p>\n","protected":false},"author":2,"featured_media":0,"parent":0,"menu_order":0,"comment_status":"closed","ping_status":"closed","template":"","meta":{"footnotes":""},"class_list":["post-189","page","type-page","status-publish","hentry","has-post-title","has-post-date","has-post-category","has-post-tag","has-post-comment","has-post-author",""],"builder_content":"","_links":{"self":[{"href":"https:\/\/nl.ijs.si\/kas\/wp-json\/wp\/v2\/pages\/189","targetHints":{"allow":["GET"]}}],"collection":[{"href":"https:\/\/nl.ijs.si\/kas\/wp-json\/wp\/v2\/pages"}],"about":[{"href":"https:\/\/nl.ijs.si\/kas\/wp-json\/wp\/v2\/types\/page"}],"author":[{"embeddable":true,"href":"https:\/\/nl.ijs.si\/kas\/wp-json\/wp\/v2\/users\/2"}],"replies":[{"embeddable":true,"href":"https:\/\/nl.ijs.si\/kas\/wp-json\/wp\/v2\/comments?post=189"}],"version-history":[{"count":45,"href":"https:\/\/nl.ijs.si\/kas\/wp-json\/wp\/v2\/pages\/189\/revisions"}],"predecessor-version":[{"id":531,"href":"https:\/\/nl.ijs.si\/kas\/wp-json\/wp\/v2\/pages\/189\/revisions\/531"}],"wp:attachment":[{"href":"https:\/\/nl.ijs.si\/kas\/wp-json\/wp\/v2\/media?parent=189"}],"curies":[{"name":"wp","href":"https:\/\/api.w.org\/{rel}","templated":true}]}}