{"id":185,"date":"2017-01-30T21:54:35","date_gmt":"2017-01-30T20:54:35","guid":{"rendered":"http:\/\/nl.ijs.si\/kas\/?page_id=185"},"modified":"2026-04-09T11:08:05","modified_gmt":"2026-04-09T09:08:05","slug":"sklopi-projekta","status":"publish","type":"page","link":"https:\/\/nl.ijs.si\/kas\/sklopi-projekta\/","title":{"rendered":"Sklopi projekta"},"content":{"rendered":"<h2 id=\"korpus\">Delovni sklop 1: KORPUS<\/h2>\n<p>V okviru DS1 smo izdelali korpus KAS, ki vsebuje prek 1,5 milijarde besed z 82,000 diplomskih in magistrskih del ter doktorskih disertacij, zbranih iz digitalnih knji\u017enic slovenskih univerz. Besedila v korpusu so opremljena z bogatimi metapodatki, sama besedila pa so oblikoskladenjsko ozna\u010dena in lematizirana. Korpus je javno dostopen prek <a href=\"https:\/\/www.clarin.si\">CLARIN.SI<\/a>, in sicer tako <a href=\"https:\/\/www.clarin.si\/repository\/xmlui\/\">repozitorija<\/a> kot instalacije konkordan\u010dnikov <a href=\"https:\/\/www.clarin.si\/kontext\/\">KonText<\/a> in <a href=\"https:\/\/www.clarin.si\/noske\">noSketch Engine<\/a>, in je razdeljen tudi na podkorpuse:<\/p>\n<ul>\n<li>KAS: celoten korpus (<a href=\"http:\/\/hdl.handle.net\/11356\/1244\">repozitorij<\/a>,\u00a0<a href=\"https:\/\/www.clarin.si\/kontext\/first_form?corpname=kas\">KonText<\/a>, <a href=\"https:\/\/www.clarin.si\/noske\/run.cgi\/corp_info?corpname=kas\">noSkE<\/a>)\n<ul>\n<li>KAS-Dipl: diplomska dela (<a href=\"http:\/\/hdl.handle.net\/11356\/1265\">repozitorij<\/a>, <a href=\"https:\/\/www.clarin.si\/kontext\/first_form?corpname=kas_dipl\">KonText<\/a>, <a href=\"https:\/\/www.clarin.si\/noske\/run.cgi\/corp_info?corpname=kas_dipl\">noSkE<\/a>)<\/li>\n<li>KAS-Mag: magistrska dela (<a href=\"http:\/\/hdl.handle.net\/11356\/1266\">repozitorij<\/a>, <a href=\"https:\/\/www.clarin.si\/kontext\/first_form?corpname=kas_mag\">KonText<\/a>, <a href=\"https:\/\/www.clarin.si\/noske\/run.cgi\/corp_info?corpname=kas_mag\">noSkE<\/a>)<\/li>\n<li>KAS-Dr: doktorska dela (<a href=\"http:\/\/hdl.handle.net\/11356\/1267\">repozitorij<\/a>, <a href=\"https:\/\/www.clarin.si\/kontext\/first_form?corpname=kas_dr\">KonText<\/a>, <a href=\"https:\/\/www.clarin.si\/noske\/run.cgi\/corp_info?corpname=kas_dr\">noSkE<\/a>)<\/li>\n<\/ul>\n<\/li>\n<\/ul>\n<p>Izdelava in vsebina prototipne razli\u010dice korpusa sta opisana v publikaciji:<\/p>\n<ul>\n<li>ERJAVEC, Toma\u017e, FI\u0160ER, Darja, LJUBE\u0160I\u0106, Nikola, LOGAR, Nata\u0161a, OJSTER\u0160EK, Milan. Slovenska znanstvena besedila: prototipni korpus in na\u010drt analiz. <i>Proceedings of the Conference on Language Technologies &amp; Digital Humanities, September 29th \u2013 October 1st, 2016 Faculty of Arts, University of Ljubljana, Ljubljana, Slovenia<\/i>, 2016, str. 58-64. [COBISS.SI-ID <a class=\"red\" href=\"https:\/\/plus.cobiss.net\/cobiss\/si\/sl\/bib\/62530146\" target=\"_blank\" rel=\"noopener noreferrer\">62530146<\/a>] [<strong><a href=\"http:\/\/www.sdjt.si\/wp\/wp-content\/uploads\/2016\/09\/JTDH-2016_Erjavec-et-al_Slovenska-akademska-besedila.pdf\">PDF<\/a><\/strong>]<\/li>\n<\/ul>\n<h2 id=\"termini\">Delovni sklop 2: TERMINI<\/h2>\n<p>Delo v okviru DS2 je opisano v naslednjih publikacijah:<\/p>\n<ul>\n<li>FI\u0160ER, Darja, SUCHOMEL, Vit, JAKUBI\u010cEK, Milo\u0161. Terminology extraction for academic Slovene using Sketch Engine. <i>RASLAN 2016: Recent Advances in Slavonic Natural Language Processing : proceedings<\/i>. Brno: Tribun EU, 2016, str. 135-141. [COBISS.SI-ID <a class=\"red\" href=\"https:\/\/plus.cobiss.net\/cobiss\/si\/sl\/bib\/62994018\" target=\"_blank\" rel=\"noopener noreferrer\">62994018<\/a>] [<strong><a href=\"https:\/\/nlp.fi.muni.cz\/raslan\/raslan16.pdf\">PDF<\/a><\/strong>]<\/li>\n<li>KUKOVI\u010cI\u010c, Klara Eva. 2018. Uporabnost lu\u0161\u010dilnikov terminologije Sketch Engine in CollTerm z vidika (\u0161tudenta) prevajalca.\u00a0 <em>Zbornik konference Jezikovne tehnologije in digitalna humanistika \/ Proceedings of the conference on <\/em><em>Language Technologies &amp; Digital Humanities<\/em>. Faculty of Electrical Engineering, University of Ljubljana. 20.\u201321. 9. 2018, Ljubljana. [<strong><a href=\"http:\/\/www.sdjt.si\/wp\/wp-content\/uploads\/2018\/09\/JTDH-2018_Students_Kukovicic_Primerjava-luscilnikov-terminologije-Sketch-Engine-in-CollTerm-za-znanstvena-besedila.pdf\" target=\"_blank\" rel=\"noopener noreferrer\" data-saferedirecturl=\"https:\/\/www.google.com\/url?q=http:\/\/www.sdjt.si\/wp\/wp-content\/uploads\/2018\/09\/JTDH-2018_Students_Kukovicic_Primerjava-luscilnikov-terminologije-Sketch-Engine-in-CollTerm-za-znanstvena-besedila.pdf&amp;source=gmail&amp;ust=1539449111993000&amp;usg=AFQjCNHznKh8D6ssfV-9fth_30l_cruhJw\">PDF<\/a><\/strong>] [<strong><a href=\"http:\/\/www.sdjt.si\/wp\/wp-content\/uploads\/2018\/10\/04Kukovi%C4%8Di%C4%8D_JTDH2018.pdf\" target=\"_blank\" rel=\"noopener noreferrer\" data-saferedirecturl=\"https:\/\/www.google.com\/url?q=http:\/\/www.sdjt.si\/wp\/wp-content\/uploads\/2018\/10\/04Kukovi%25C4%258Di%25C4%258D_JTDH2018.pdf&amp;source=gmail&amp;ust=1539449111993000&amp;usg=AFQjCNGQ42rdmTAjEzAWHjLhs7e2ARpdrg\">PPT<\/a><\/strong>]<strong><br \/><\/strong><\/li>\n<\/ul>\n<p>Izdelane podatkovne mno\u017eice so dostopne v repozitoriju CLARIN.SI:<\/p>\n<ul>\n<li>ERJAVEC, Toma\u017e, FI\u0160ER, Darja, LJUBE\u0160I\u0106, Nikola, ARHAR HOLDT, \u0160pela, BREN, Urban, ROBNIK \u0160IKONJA, Marko, UDOVI\u010c, Bo\u0161tjan<i>. Terminology identification dataset KAS-term 1.0<\/i>. Ljubljana: Slovenian Language Resource Repository CLARIN.SI, 2018. <a class=\"red\" href=\"http:\/\/hdl.handle.net\/11356\/1198\"> http:\/\/hdl.handle.net\/11356\/1198<\/a>. [COBISS.SI-ID <a class=\"red\" href=\"https:\/\/plus.cobiss.net\/cobiss\/si\/sl\/bib\/31753511\" target=\"_blank\" rel=\"noopener noreferrer\">31753511<\/a>]<br \/>Glej tudi:<br \/>\u0160pela Arhar Holdt. 2017. <em>Navodila za ocenjevanje terminolo\u0161kih kandidatov<\/em>. Delovno poro\u010dilo projekta. [<a href=\"https:\/\/nl.ijs.si\/kas\/wp-content\/uploads\/2021\/01\/Navodila_za_ocenjevanje_terminoloskih_kandidatov_KAS.pdf\">PDF<\/a>, <a href=\"https:\/\/nl.ijs.si\/kas\/wp-content\/uploads\/2021\/01\/Navodila_za_ocenjevanje_terminoloskih_kandidatov_KAS.docx\">DOCX<\/a>]<\/li>\n<li>ERJAVEC, Toma\u017e, FI\u0160ER, Darja, LJUBE\u0160I\u0106, Nikola, BITENC, Maja<i>. Bilingual terminology extraction dataset KAS-biterm 1.0<\/i>. Ljubljana: Slovenian Language Resource Repository CLARIN.SI, 2018. <a class=\"red\" href=\"http:\/\/hdl.handle.net\/11356\/1199\"> http:\/\/hdl.handle.net\/11356\/1199<\/a>. [COBISS.SI-ID <a class=\"red\" href=\"https:\/\/plus.cobiss.net\/cobiss\/si\/sl\/bib\/31753255\" target=\"_blank\" rel=\"noopener noreferrer\">31753255<\/a>]<\/li>\n<\/ul>\n<h2 id=\"diskurz\">Delovni sklop 3: DISKURZ<\/h2>\n<p>V okviru DS3 smo uporabili izdelani prototipni korpus KAS za preu\u010ditev uporabe trpnika v slovenskem strokovnem jeziku. Analiza je opisana v publikaciji:<\/p>\n<ul>\n<li>LOGAR, Nata\u0161a, ARHAR HOLDT, \u0160pela, ERJAVEC, Toma\u017e. Slovenski strokovni jezik: korpusni opis trpnika. <i>Topori\u0161i\u010deva obdobja<\/i>, (Obdobja, ISSN 1408-211X, Simpozij, = Symposium, 35), 2016, str. 237-245. [COBISS.SI-ID <a class=\"red\" href=\"https:\/\/plus.cobiss.net\/cobiss\/si\/sl\/bib\/34453853\" target=\"_blank\" rel=\"noopener noreferrer\">34453853<\/a>] [<strong><a href=\"http:\/\/centerslo.si\/wp-content\/uploads\/2016\/11\/LogarArhHolErj.pdf\">PDF<\/a><\/strong>]<\/li>\n<\/ul>\n<p>Na osnovi izdelanega korpusa smo leksikalno analizirali strokovno-znanstveni jezik:<\/p>\n<ul>\n<li>LOGAR, Nata\u0161a, ERJAVEC, Toma\u017e. Slovene academic writing : a corpus approach to lexical analysis. V: <em>Interdisciplinary knowledge-making, challenges for LSP research : book of abstracts<\/em>. Bergen: Norwegian School of Economics. 2017, str. 44. [COBISS.SI-ID <a href=\"https:\/\/plus.cobiss.net\/cobiss\/si\/sl\/bib\/34988381\">34988381<\/a>]<\/li>\n<\/ul>\n<p>Pripravili smo pregled u\u010dnih na\u010drtov predmetov, povezanih s tvorjenjem strokovno-znanstvenih besedil na slovenskih in tujih univerzah, s poudarkom na seznamih literature, zlasti na njihovem u\u010dbeni\u0161kem in priro\u010dni\u0161kem delu. Pregled je opisan v:<\/p>\n<ul>\n<li>LOGAR, Nata\u0161a. <em>Strokovno-znanstveni jezik: \u0161tudijska literatura in priro\u010dniki v Sloveniji ter kratek pregled tujih praks.<\/em> Delovno poro\u010dilo projekta, 2018. [<a href=\"https:\/\/nl.ijs.si\/kas\/wp-content\/uploads\/2018\/03\/KAS-pregled-prirocnikov-navodil-in-predmetov-Logar.pdf\"><strong>PDF<\/strong><\/a>]<\/li>\n<li>LOGAR, Nata\u0161a. Pou\u010devanje strokovno-znanstvenega jezika na slovenskih univerzah: pregled \u0161tudijske literature in navodil za izdelavo zaklju\u010dnih del. <em>Sloven\u0161\u010dina 2.0 0 : empiri\u010dne, aplikativne in interdisciplinarne raziskave<\/em>, ISSN 2335-2736, 2017, letn. 5, \u0161t. 1, str. 38\u201369.\u00a0 [<strong><a href=\"http:\/\/slovenscina2.0.trojina.si\/arhiv\/2017\/1\/Slo2.0_2017_1_03.pdf\">PDF<\/a><\/strong>]<\/li>\n<\/ul>\n<p>Na osnovi izdelanega korpusa KAS smo preu\u010dili nekatere zna\u010dilnosti strokovno-znanstvene sloven\u0161\u010dine:<\/p>\n<ul>\n<li>LOGAR, Nata\u0161a, ERJAVEC, Toma\u017e. 2018. Strokovno-znanstvena sloven\u0161\u010dina: besednovrstne in oblikoskladenjske zna\u010dilnosti. <em>Zbornik konference Jezikovne tehnologije in digitalna humanistika \/ Proceedings of the conference on <\/em><em>Language Technologies &amp; Digital Humanities<\/em>. Faculty of Electrical Engineering, University of Ljubljana. 20.\u201321. 9. 2018, Ljubljana. [<strong><a href=\"http:\/\/www.sdjt.si\/wp\/wp-content\/uploads\/2018\/09\/JTDH-2018_Logar-et-al_Strokovno-znanstvena-slovenscina-besednovrstne-in-oblikoskladenjske-znacilnosti.pdf\" target=\"_blank\" rel=\"noopener noreferrer\" data-saferedirecturl=\"https:\/\/www.google.com\/url?q=http:\/\/www.sdjt.si\/wp\/wp-content\/uploads\/2018\/09\/JTDH-2018_Logar-et-al_Strokovno-znanstvena-slovenscina-besednovrstne-in-oblikoskladenjske-znacilnosti.pdf&amp;source=gmail&amp;ust=1539449111992000&amp;usg=AFQjCNHBdxJXmk8cPagsieulrz1lWX910Q\">PDF<\/a><\/strong>] [<strong><a href=\"http:\/\/www.sdjt.si\/wp\/wp-content\/uploads\/2018\/10\/01LogarErjavec_JTDH2018.pdf\" target=\"_blank\" rel=\"noopener noreferrer\" data-saferedirecturl=\"https:\/\/www.google.com\/url?q=http:\/\/www.sdjt.si\/wp\/wp-content\/uploads\/2018\/10\/01LogarErjavec_JTDH2018.pdf&amp;source=gmail&amp;ust=1539449111992000&amp;usg=AFQjCNEmodhCCpKoJZ87JVyaFzSZxKr7jg\">PPT<\/a><\/strong>]<\/li>\n<li>OSRAJNIK, Eneja, FI\u0160ER,\u00a0Darja, GORJANC, Vojko. 2018. Korpusna analiza nestandardne vejice po uvajalnih prislovnih zvezah v slovenskih formalnih in neformalnih besedilih. <em>Zbornik konference Jezikovne tehnologije in digitalna humanistika \/ Proceedings of the conference on <\/em><em>Language Technologies &amp; Digital Humanities<\/em>. Faculty of Electrical Engineering, University of Ljubljana. 20.\u201321. 9. 2018, Ljubljana. [<strong><a href=\"http:\/\/www.sdjt.si\/wp\/wp-content\/uploads\/2018\/09\/JTDH-2018_Osrajnik-et-al_Korpusna-analiza-nestandardne-stave-vejice-po-uvajalnih-prislovnih-zvezah.pdf\" target=\"_blank\" rel=\"noopener noreferrer\" data-saferedirecturl=\"https:\/\/www.google.com\/url?q=http:\/\/www.sdjt.si\/wp\/wp-content\/uploads\/2018\/09\/JTDH-2018_Osrajnik-et-al_Korpusna-analiza-nestandardne-stave-vejice-po-uvajalnih-prislovnih-zvezah.pdf&amp;source=gmail&amp;ust=1539449111993000&amp;usg=AFQjCNH3iF8LuDsIzDvGPXJUkm1DluI0bg\">PDF<\/a><\/strong>] [<strong><a href=\"http:\/\/www.sdjt.si\/wp\/wp-content\/uploads\/2018\/10\/04OsrajnikFi%C5%A1erGorjanc_JTDH2018.pdf\" target=\"_blank\" rel=\"noopener noreferrer\" data-saferedirecturl=\"https:\/\/www.google.com\/url?q=http:\/\/www.sdjt.si\/wp\/wp-content\/uploads\/2018\/10\/04OsrajnikFi%25C5%25A1erGorjanc_JTDH2018.pdf&amp;source=gmail&amp;ust=1539449111993000&amp;usg=AFQjCNGu47hlcXdYuKE53WAixjiZQzrLZA\">PPT<\/a><\/strong>]<\/li>\n<\/ul>\n<p>Posvetili smo se tudi splo\u0161nostrokovna leksiki, torej besedam, ki sicer niso terminolo\u0161ke, so pa zelo pomembne za natan\u010dno, jasno in jedrnato ubesedovanje strokovne vsebine ter je zna\u010dilna za strokovno-znanstveno pisanje nasploh. Na osnovi korpusa KAS smo izlu\u0161\u010dili 463 izto\u010dnic in jih prikazali v njihovi tipi\u010dni okolici: s kolokatorji in zgledi rabe. Zbirka ALEKS je dostopna na spletu, njeno izdelavo in sestavo pa opi\u0161e delovno poro\u010dilo projekta:<\/p>\n<ul>\n<li>Zbirka ALEKS v1.0 (<em>&#8216;akademska leksika sloven\u0161\u010dine&#8217;<\/em>) v <a href=\"http:\/\/hdl.handle.net\/11356\/1245\">repozitoriju CLARIN.SI<\/a> in na portalu <a href=\"https:\/\/www.termania.net\/slovarji\/223\/kas-slovar-splosnostrokovne-leksike\"><strong>Termania<\/strong><\/a>.<\/li>\n<li>LOGAR, Nata\u0161a, KOSEM, Iztok, Toma\u017e ERJAVEC. <em>ALEKS: Leksikalno-skladenjska podatkovna zbirka slovenskega strokovno-znanstvenega jezika (zasnova in zgradba). <\/em>Ljubljana: Fakulteta za dru\u017ebene vede; Center za jezikovne vire in tehnologije; Institut &#8220;Jo\u017eef Stefan&#8221;, 2019. Delovno poro\u010dilo projekta. [COBISS.SI-ID <a class=\"red\" href=\"https:\/\/plus.cobiss.net\/cobiss\/si\/sl\/bib\/300937984\" target=\"_blank\" rel=\"noopener noreferrer\">300937984<\/a>] [<a href=\"https:\/\/nl.ijs.si\/kas\/wp-content\/uploads\/2019\/07\/KAS-ALEKS.pdf\"><strong>PDF<\/strong><\/a>]<\/li>\n<\/ul>\n<h2 id=\"diseminacija\">Delovni sklop 4: DISEMINACIJA<\/h2>\n<p>V okviru DS4 smo v 2016 v sklopu konference &#8220;<a href=\"http:\/\/www.sdjt.si\/jtdh-2016\/\">Jezikovne tehnologije in digitalna humanistika<\/a>&#8221; organizirali panel \u201cTerminologija v poklicnem vsakdanu: stanje in potrebe\u201d z namenom, da preveri stanje in potrebe slovenske terminologije, da lahko projekt \u010dim bolje uresni\u010di svoje poslanstvo na tem podro\u010dju. Panel je povezovala <em>Nata\u0161a Logar<\/em>, Univerza v Ljubljani, Fakulteta za dru\u017ebene vede. Govorci in govorke so bili:<\/p>\n<ul>\n<li><em>Urban Bren<\/em>, Univerza v Mariboru, Fakulteta za kemijo in kemijsko tehnologijo<\/li>\n<li><em>Miro Romih<\/em>, Amebis, d. o. o., Kamnik<\/li>\n<li><em>Mojca \u017dagar Karer<\/em>, In\u0161titut za slovenski jezik Frana Ramov\u0161a, ZRC SAZU<\/li>\n<li><em>Katja Benevol Gabrijel\u010di\u010d<\/em>, Islovar<\/li>\n<li><em>Sa\u0161o Dolenc<\/em>, Kvarkadabra<\/li>\n<li><em>Katarina Krape\u017e<\/em>, Univerza na Primorskem, Fakulteta za management<\/li>\n<\/ul>\n<p>Pogovor je bil objavljen v reviji <a href=\"http:\/\/slovenscina2.0.trojina.si\/\">Sloven\u0161\u010dina 2.0<\/a>:<\/p>\n<ul>\n<li>LOGAR, Nata\u0161a, BENEVOL GABRIJEL\u010cI\u010c, Katja, BREN, Urban, DOLENC, Sa\u0161o, KRAPE\u017d, Katarina, ROMIH, Miro, \u017dAGAR KARER, Mojca, KREK, Simon, GORJANC, Vojko, JEMEC TOMAZIN, Mateja, ARHAR HOLDT, \u0160pela, FI\u0160ER, Darja. Terminologija v poklicnem vsakdanu : stanje in potrebe. <em>Sloven\u0161\u010dina 2.0 : empiri\u010dne, aplikativne in interdisciplinarne raziskave<\/em>, ISSN 2335-2736, 2016, letn. 4, \u0161t. 1, str. 42-78. doi: <a href=\"https:\/\/doi.org\/10.4312\/slo2.0.2016.1.42-78\">10.4312\/slo2.0.2016.1.42-78<\/a>. [COBISS.SI-ID <a href=\"https:\/\/plus.cobiss.net\/cobiss\/si\/sl\/bib\/300937984\">63583074<\/a>] [<a href=\"http:\/\/slovenscina2.0.trojina.si\/arhiv\/2016\/1\/Slo2.0_2016_1_05.pdf\">PDF<\/a>]<\/li>\n<\/ul>\n\n<!-- wp:themify-builder\/canvas \/-->","protected":false},"excerpt":{"rendered":"<p>Delovni sklop 1: KORPUS V okviru DS1 smo izdelali korpus KAS, ki vsebuje prek 1,5 milijarde besed z 82,000 diplomskih in magistrskih del ter doktorskih disertacij, zbranih iz digitalnih knji\u017enic slovenskih univerz. Besedila v korpusu so opremljena z bogatimi metapodatki, sama besedila pa so oblikoskladenjsko ozna\u010dena in lematizirana. Korpus je javno dostopen prek CLARIN.SI, in [&hellip;]<\/p>\n","protected":false},"author":2,"featured_media":0,"parent":0,"menu_order":0,"comment_status":"closed","ping_status":"closed","template":"","meta":{"footnotes":""},"class_list":["post-185","page","type-page","status-publish","hentry","has-post-title","has-post-date","has-post-category","has-post-tag","has-post-comment","has-post-author",""],"builder_content":"","_links":{"self":[{"href":"https:\/\/nl.ijs.si\/kas\/wp-json\/wp\/v2\/pages\/185","targetHints":{"allow":["GET"]}}],"collection":[{"href":"https:\/\/nl.ijs.si\/kas\/wp-json\/wp\/v2\/pages"}],"about":[{"href":"https:\/\/nl.ijs.si\/kas\/wp-json\/wp\/v2\/types\/page"}],"author":[{"embeddable":true,"href":"https:\/\/nl.ijs.si\/kas\/wp-json\/wp\/v2\/users\/2"}],"replies":[{"embeddable":true,"href":"https:\/\/nl.ijs.si\/kas\/wp-json\/wp\/v2\/comments?post=185"}],"version-history":[{"count":38,"href":"https:\/\/nl.ijs.si\/kas\/wp-json\/wp\/v2\/pages\/185\/revisions"}],"predecessor-version":[{"id":568,"href":"https:\/\/nl.ijs.si\/kas\/wp-json\/wp\/v2\/pages\/185\/revisions\/568"}],"wp:attachment":[{"href":"https:\/\/nl.ijs.si\/kas\/wp-json\/wp\/v2\/media?parent=185"}],"curies":[{"name":"wp","href":"https:\/\/api.w.org\/{rel}","templated":true}]}}