{"id":13,"date":"2016-01-07T22:05:14","date_gmt":"2016-01-07T21:05:14","guid":{"rendered":"http:\/\/nl.ijs.si\/kas\/?page_id=13"},"modified":"2026-04-10T13:56:52","modified_gmt":"2026-04-10T11:56:52","slug":"publikacije","status":"publish","type":"page","link":"https:\/\/nl.ijs.si\/kas\/publikacije\/","title":{"rendered":"Publikacije"},"content":{"rendered":"<ol>\n<li>ERJAVEC, Toma\u017e, FI\u0160ER, Darja, LJUBE\u0160I\u0106, Nikola, LOGAR, Nata\u0161a, OJSTER\u0160EK, Milan. Slovenska znanstvena besedila : prototipni korpus in na\u010drt analiz. <i>Proceedings of the Conference on Language Technologies &amp; Digital Humanities, September 29th &#8211; October 1st, 2016 Faculty of Arts, University of Ljubljana, Ljubljana, Slovenia<\/i>. Ljubljana: Znanstvena zalo\u017eba Filozofske fakultete, 2016, str. 58-64. [COBISS.SI-ID <a class=\"red\" href=\"https:\/\/plus.cobiss.net\/cobiss\/si\/sl\/bib\/62530146\" target=\"_blank\" rel=\"noopener\">62530146<\/a>] [<strong><a href=\"http:\/\/www.sdjt.si\/wp\/wp-content\/uploads\/2016\/09\/JTDH-2016_Erjavec-et-al_Slovenska-akademska-besedila.pdf\">PDF<\/a><\/strong>]<\/li>\n<li>LOGAR, Nata\u0161a, ARHAR HOLDT, \u0160pela, ERJAVEC, Toma\u017e. Slovenski strokovni jezik : korpusni opis trpnika. V: KR\u017dI\u0160NIK, Erika (ur.), HLADNIK, Miran (ur.). <i>Topori\u0161i\u010deva obdobja<\/i>, (Obdobja, ISSN 1408-211X, Simpozij, = Symposium, 35). Ljubljana: Znanstvena zalo\u017eba Filozofske fakultete, 2016, str. 237-245. [COBISS.SI-ID <a class=\"red\" href=\"https:\/\/plus.cobiss.net\/cobiss\/si\/sl\/bib\/34453853\" target=\"_blank\" rel=\"noopener\">34453853<\/a>] [<strong><a href=\"http:\/\/centerslo.si\/wp-content\/uploads\/2016\/11\/LogarArhHolErj.pdf\">PDF<\/a><\/strong>]<\/li>\n<li>FI\u0160ER, Darja, SUCHOMEL, Vit, JAKUBI\u010cEK, Milo\u0161. Terminology extraction for academic Slovene using sketch engine. <i>RASLAN 2016 : Recent Advances in Slavonic Natural Language Processing : proceedings<\/i>. Brno: Tribun EU, 2016, str. 135-141. [COBISS.SI-ID <a class=\"red\" href=\"https:\/\/plus.cobiss.net\/cobiss\/si\/sl\/bib\/62994018\" target=\"_blank\" rel=\"noopener\">62994018<\/a>] [<strong><a href=\"https:\/\/nlp.fi.muni.cz\/raslan\/raslan16.pdf\">PDF<\/a><\/strong>]<\/li>\n<\/ol>\n<!--themify_builder_content-->\n<div id=\"themify_builder_content-13\" data-postid=\"13\" class=\"themify_builder_content themify_builder_content-13 themify_builder tf_clear\">\n    <\/div>\n<!--\/themify_builder_content-->","protected":false},"excerpt":{"rendered":"<p>ERJAVEC, Toma\u017e, FI\u0160ER, Darja, LJUBE\u0160I\u0106, Nikola, LOGAR, Nata\u0161a, OJSTER\u0160EK, Milan. Slovenska znanstvena besedila : prototipni korpus in na\u010drt analiz. Proceedings of the Conference on Language Technologies &amp; Digital Humanities, September 29th &#8211; October 1st, 2016 Faculty of Arts, University of Ljubljana, Ljubljana, Slovenia. Ljubljana: Znanstvena zalo\u017eba Filozofske fakultete, 2016, str. 58-64. [COBISS.SI-ID 62530146] [PDF] LOGAR, [&hellip;]<\/p>\n","protected":false},"author":2,"featured_media":0,"parent":0,"menu_order":0,"comment_status":"closed","ping_status":"closed","template":"","meta":{"footnotes":""},"class_list":["post-13","page","type-page","status-publish","hentry","has-post-title","has-post-date","has-post-category","has-post-tag","has-post-comment","has-post-author",""],"builder_content":"","_links":{"self":[{"href":"https:\/\/nl.ijs.si\/kas\/wp-json\/wp\/v2\/pages\/13","targetHints":{"allow":["GET"]}}],"collection":[{"href":"https:\/\/nl.ijs.si\/kas\/wp-json\/wp\/v2\/pages"}],"about":[{"href":"https:\/\/nl.ijs.si\/kas\/wp-json\/wp\/v2\/types\/page"}],"author":[{"embeddable":true,"href":"https:\/\/nl.ijs.si\/kas\/wp-json\/wp\/v2\/users\/2"}],"replies":[{"embeddable":true,"href":"https:\/\/nl.ijs.si\/kas\/wp-json\/wp\/v2\/comments?post=13"}],"version-history":[{"count":12,"href":"https:\/\/nl.ijs.si\/kas\/wp-json\/wp\/v2\/pages\/13\/revisions"}],"predecessor-version":[{"id":573,"href":"https:\/\/nl.ijs.si\/kas\/wp-json\/wp\/v2\/pages\/13\/revisions\/573"}],"wp:attachment":[{"href":"https:\/\/nl.ijs.si\/kas\/wp-json\/wp\/v2\/media?parent=13"}],"curies":[{"name":"wp","href":"https:\/\/api.w.org\/{rel}","templated":true}]}}