{"id":6033,"date":"2018-10-12T20:39:41","date_gmt":"2018-10-12T18:39:41","guid":{"rendered":"http:\/\/nl.ijs.si\/janes\/?page_id=6033"},"modified":"2018-10-15T00:30:40","modified_gmt":"2018-10-14T22:30:40","slug":"prispevki-v-revijah","status":"publish","type":"page","link":"https:\/\/nl.ijs.si\/janes\/publikacije\/prispevki-v-revijah\/","title":{"rendered":"Prispevki v revijah"},"content":{"rendered":"<h3>2018<\/h3>\n<ul>\n<li>Fi\u0161er, D., Ljube\u0161i\u0107, N. &amp; Erjavec, T. 2018. The Janes project: language resources and tools for Slovene user generated content.\u00a0<em>Language Resources &amp; Evaluation<\/em>. <a href=\"https:\/\/doi.org\/10.1007\/s10579-018-9425-z\">https:\/\/doi.org\/10.1007\/s10579-018-9425-z<\/a>\u00a0 [<a href=\"https:\/\/rdcu.be\/7RX4\">On-line pdf<\/a>]<\/li>\n<li>Fi\u0161er, D., Ljube\u0161i\u010d, N. 2018. Distributional modelling for semantic shift detection. b<i>International journal of lexicography.<\/i> <a href=\"https:\/\/doi.org\/10.1093\/ijl\/ecy011\" target=\"_blank\" rel=\"noopener\" data-saferedirecturl=\"https:\/\/www.google.com\/url?q=https:\/\/doi.org\/10.1093\/ijl\/ecy011&amp;source=gmail&amp;ust=1536320880614000&amp;usg=AFQjCNH5wrwV58yaCyAhQmf80umkMgGskg\">https:\/\/doi.org\/<wbr \/>10.1093\/ijl\/ecy011<\/a>.<\/li>\n<li>Mili\u010devi\u0107, M.,\u00a0Ljube\u0161i\u0107, N., Fi\u0161er, D. 2018. Nestandardno zapisivanje srpskog jezika na Tviteru: mnogo buke oko malo odstupanja?\u00a0<em>\u0410\u043d\u0430\u043b\u0438 \u0424\u0438\u043b\u043e\u043b\u043e\u0448\u043a\u043e\u0433 \u0444\u0430\u043a\u0443\u043b\u0442\u0435\u0442\u0430<\/em> 29(2). [<a href=\"http:\/\/doi.fil.bg.ac.rs\/pdf\/journals\/analiff\/2017-2\/analiff-2017-29-2-8.pdf\">pdf<\/a>]<\/li>\n<\/ul>\n<h3>2016<\/h3>\n<ul>\n<li>Arhar Holdt, \u0160., Dobrovoljc, K. 2016. Vrednost korpusa Janes za slovensko normativistiko. 2016. <em>Sloven\u0161\u010dina 2.0<\/em>, 4 (2): 1\u201337. [<a href=\"http:\/\/nl.ijs.si\/janes\/wp-content\/uploads\/2014\/08\/arhardobrovoljc16.pdf\">pdf<\/a>]<\/li>\n<li>Fi\u0161er, D., Erjavec, T., Ljube\u0161i\u0107, N. 2016. JANES v0.4: Korpus slovenskih spletnih uporabni\u0161kih vsebin. 2016. <em>Sloven\u0161\u010dina 2.0<\/em>, 4 (2): 67\u201399. [<a href=\"http:\/\/nl.ijs.si\/janes\/wp-content\/uploads\/2014\/08\/fiserothers16.pdf\">pdf<\/a>]<\/li>\n<li>Erjavec, T., \u010cibej, J., Fi\u0161er, D. 2016. Omogo\u010danje dostopa do korpusov slovenskih spletnih besedil v lu\u010di pravnih omejitev. 2016. <em>Sloven\u0161\u010dina 2.0<\/em>, 4 (2): 189\u2013219. [<a href=\"http:\/\/nl.ijs.si\/janes\/wp-content\/uploads\/2014\/08\/erjavecothers16.pdf\">pdf<\/a>]<\/li>\n<li><span class=\"\">Sobo\u010dan, A. M., Pollak, S. 2016. Manifestacije moralne panike v medijskih podobah novele dru\u017einske zakonodaje.\u00a0<\/span><i class=\"\">\u010casopis za kritiko znanosti<\/i><span class=\"\">, ISSN 0351-4285, letn. 44, \u0161t. 266, str. 163-187. 2016.<\/span><\/li>\n<\/ul>\n","protected":false},"excerpt":{"rendered":"<p>2018 Fi\u0161er, D., Ljube\u0161i\u0107, N. &amp; Erjavec, T. 2018. The Janes project: language resources and tools for Slovene user generated content.\u00a0Language Resources &amp; Evaluation. https:\/\/doi.org\/10.1007\/s10579-018-9425-z\u00a0 [On-line pdf] Fi\u0161er, D., Ljube\u0161i\u010d, N. 2018. Distributional modelling for semantic shift detection. bInternational journal of lexicography. https:\/\/doi.org\/10.1093\/ijl\/ecy011. Mili\u010devi\u0107, M.,\u00a0Ljube\u0161i\u0107, N., Fi\u0161er, D. 2018. Nestandardno zapisivanje srpskog jezika na Tviteru: [&hellip;]<\/p>\n","protected":false},"author":20,"featured_media":0,"parent":22,"menu_order":0,"comment_status":"closed","ping_status":"closed","template":"","meta":{"footnotes":""},"class_list":["post-6033","page","type-page","status-publish","hentry","has-post-title","has-post-date","has-post-category","has-post-tag","has-post-comment","has-post-author",""],"builder_content":"","_links":{"self":[{"href":"https:\/\/nl.ijs.si\/janes\/wp-json\/wp\/v2\/pages\/6033","targetHints":{"allow":["GET"]}}],"collection":[{"href":"https:\/\/nl.ijs.si\/janes\/wp-json\/wp\/v2\/pages"}],"about":[{"href":"https:\/\/nl.ijs.si\/janes\/wp-json\/wp\/v2\/types\/page"}],"author":[{"embeddable":true,"href":"https:\/\/nl.ijs.si\/janes\/wp-json\/wp\/v2\/users\/20"}],"replies":[{"embeddable":true,"href":"https:\/\/nl.ijs.si\/janes\/wp-json\/wp\/v2\/comments?post=6033"}],"version-history":[{"count":8,"href":"https:\/\/nl.ijs.si\/janes\/wp-json\/wp\/v2\/pages\/6033\/revisions"}],"predecessor-version":[{"id":6047,"href":"https:\/\/nl.ijs.si\/janes\/wp-json\/wp\/v2\/pages\/6033\/revisions\/6047"}],"up":[{"embeddable":true,"href":"https:\/\/nl.ijs.si\/janes\/wp-json\/wp\/v2\/pages\/22"}],"wp:attachment":[{"href":"https:\/\/nl.ijs.si\/janes\/wp-json\/wp\/v2\/media?parent=6033"}],"curies":[{"name":"wp","href":"https:\/\/api.w.org\/{rel}","templated":true}]}}