{"id":4531,"date":"2016-02-04T13:16:14","date_gmt":"2016-02-04T12:16:14","guid":{"rendered":"http:\/\/nl.ijs.si\/janes\/?page_id=4531"},"modified":"2026-04-09T10:56:24","modified_gmt":"2026-04-09T08:56:24","slug":"arhiv-obvestil","status":"publish","type":"page","link":"https:\/\/nl.ijs.si\/janes\/arhiv-obvestil\/","title":{"rendered":"Arhiv obvestil"},"content":{"rendered":"<!--themify_builder_content-->\n<div id=\"themify_builder_content-4531\" data-postid=\"4531\" class=\"themify_builder_content themify_builder_content-4531 themify_builder tf_clear\">\n                    <div  data-lazy=\"1\" class=\"module_row themify_builder_row tb_k6op731 tb_first tf_w\">\n                        <div class=\"row_inner col_align_top tb_col_count_1 tf_box tf_rel\">\n                        <div  data-lazy=\"1\" class=\"module_column tb-column col-full   tb_dzsf703 first\">\n                    <!-- module post -->\n<div  class=\"module module-post tb_4b3v092 \">\n    <div  class=\"builder-posts-wrap loops-wrapper list-post tf_clear tf_clearfix\" data-lazy=\"1\">\n    \n<article id=\"post-6062\" class=\"post tf_clearfix cat-3 cat-1 post-6062 type-post status-publish format-standard hentry category-obvestila category-uncategorized has-post-title has-post-date has-post-category has-post-tag has-post-comment has-post-author \">\n\t\n\t\n\t<div class=\"post-content\">\n\n\t\t\n\t\t<h2 class=\"post-title entry-title\">CLARIN blog o JANES-Express<\/h2>\t\t\t\t\t<p class=\"post-meta entry-meta\">\n\n\t\t\t\t\n\t\t\t\t\t\t\t\t\t <time datetime=\"2019-07-25\" class=\"post-date entry-date updated\">25\/07\/2019<\/time>\n\t\t\t\t\n\t\t\t<\/p>\n\t\t\n\t\t\n\t\t\n\t\t        <div class=\"entry-content\">\n\n                                        \n<p>V sklopu Tour de CLARIN &#8211; Slovenia je bil <a href=\"https:\/\/www.clarin.eu\/blog\/clarinsi-presents-janes-express\">predstavljen projekt JANES, s poudarkom na JANES-Express<\/a>. <\/p>\n\n            \n        <\/div><!-- \/.entry-content -->\n        \n\t<\/div>\n\t<!-- \/.post-content -->\n\t\n<\/article>\n<!-- \/.post -->\n\n<article id=\"post-6051\" class=\"post tf_clearfix cat-3 post-6051 type-post status-publish format-standard hentry category-obvestila has-post-title has-post-date has-post-category has-post-tag has-post-comment has-post-author \">\n\t\n\t\n\t<div class=\"post-content\">\n\n\t\t\n\t\t<h2 class=\"post-title entry-title\">Projekt predstavljen v reviji Language Resources and Evaluation<\/h2>\t\t\t\t\t<p class=\"post-meta entry-meta\">\n\n\t\t\t\t\n\t\t\t\t\t\t\t\t\t <time datetime=\"2018-10-15\" class=\"post-date entry-date updated\">15\/10\/2018<\/time>\n\t\t\t\t\n\t\t\t<\/p>\n\t\t\n\t\t\n\t\t\n\t\t        <div class=\"entry-content\">\n\n                                        <p style=\"text-align: left;\">Z veseljem sporo\u010damo, da je \u010dlanek z naslovom &#8220;<a href=\"https:\/\/doi.org\/10.1007\/s10579-018-9425-z\" target=\"_blank\" rel=\"noopener\" data-saferedirecturl=\"https:\/\/www.google.com\/url?q=https:\/\/doi.org\/10.1007\/s10579-018-9425-z&amp;source=gmail&amp;ust=1539692546771000&amp;usg=AFQjCNHSFhx0xATzSFKkAnw4cPtH80DQuw\">The Janes project: language resources and tools for Slovene user generated content<\/a>&#8221; iz\u0161el v reviji Language Resources and Evaluation. Prispevek je prosto dostopen za ogled na\u00a0<a href=\"https:\/\/rdcu.be\/7RX4\" target=\"_blank\" rel=\"noopener\" data-saferedirecturl=\"https:\/\/www.google.com\/url?q=https:\/\/rdcu.be\/7RX4&amp;source=gmail&amp;ust=1539692546771000&amp;usg=AFQjCNG-e3RdCC6alL4oSacXOmVR7vDFQw\">https:\/\/rdcu.be\/7RX4.<\/a><\/p>\n<p><\/br><\/p>\n<p style=\"text-align: left;\"><a href=\"https:\/\/link.springer.com\/article\/10.1007%2Fs10579-018-9425-z\"><img loading=\"lazy\" decoding=\"async\" class=\"alignnone \" src=\"https:\/\/media.springernature.com\/w306\/springer-static\/cover\/journal\/10579\/52\/3.jpg\" width=\"110\" height=\"168\" \/><\/a><\/p>\n\n            \n        <\/div><!-- \/.entry-content -->\n        \n\t<\/div>\n\t<!-- \/.post-content -->\n\t\n<\/article>\n<!-- \/.post -->\n\n<article id=\"post-6020\" class=\"post tf_clearfix cat-3 post-6020 type-post status-publish format-standard hentry category-obvestila has-post-title has-post-date has-post-category has-post-tag has-post-comment has-post-author \">\n\t\n\t\n\t<div class=\"post-content\">\n\n\t\t\n\t\t<h2 class=\"post-title entry-title\">JANES na posvetu \u201eDigitale Diskurse \u2013 kontrastive Aspekte\u201c<\/h2>\t\t\t\t\t<p class=\"post-meta entry-meta\">\n\n\t\t\t\t\n\t\t\t\t\t\t\t\t\t <time datetime=\"2018-09-27\" class=\"post-date entry-date updated\">27\/09\/2018<\/time>\n\t\t\t\t\n\t\t\t<\/p>\n\t\t\n\t\t\n\t\t\n\t\t        <div class=\"entry-content\">\n\n                                        <p>Rezultate projekta JANES smo predstavili na 4. posvetu\u00a0<span lang=\"DE\">DFG-Netzwerks \u201eDiskurse \u2013 digital: Theorien, Methoden, Fallstudien\u201c, ki je pod naslovom\u00a0\u201eDigitale Diskurse \u2013 kontrastive Aspekte\u201c in v organizaciji izr. prof. dr. Janje Polajnar Lenar\u010di\u010d z Oddelka za germanistiko 27. in 28. 9. 2018 potekal na Filozofski fakulteti v Ljubljani. Predstavitev je na voljo tu: [<a href=\"http:\/\/nl.ijs.si\/janes\/wp-content\/uploads\/2018\/09\/Janes-diskursedigital18.pptx\">pptx<\/a>].<\/span><\/p>\n\n            \n        <\/div><!-- \/.entry-content -->\n        \n\t<\/div>\n\t<!-- \/.post-content -->\n\t\n<\/article>\n<!-- \/.post -->\n\n<article id=\"post-5999\" class=\"post tf_clearfix cat-3 post-5999 type-post status-publish format-standard hentry category-obvestila has-post-title has-post-date has-post-category has-post-tag has-post-comment has-post-author \">\n\t\n\t\n\t<div class=\"post-content\">\n\n\t\t\n\t\t<h2 class=\"post-title entry-title\">Nova projektna monografija<\/h2>\t\t\t\t\t<p class=\"post-meta entry-meta\">\n\n\t\t\t\t\n\t\t\t\t\t\t\t\t\t <time datetime=\"2018-05-10\" class=\"post-date entry-date updated\">10\/05\/2018<\/time>\n\t\t\t\t\n\t\t\t<\/p>\n\t\t\n\t\t\n\t\t\n\t\t        <div class=\"entry-content\">\n\n                                        <p style=\"text-align: justify;\">Z veseljem sporo\u010damo, da je pri Znanstveni zalo\u017ebi Filozofske fakultete Univerze v Ljubljani iz\u0161la pregledna projektna monografija Viri, orodja in metode za analizo spletne sloven\u0161\u010dine, ki jo je uredila Darja Fi\u0161er. E-monografija je v celoti prosto dostopna na\u00a0<a href=\"https:\/\/e-knjige.ff.uni-lj.si\/znanstvena-zalozba\/catalog\/book\/111\" target=\"_blank\" rel=\"noopener\" data-saferedirecturl=\"https:\/\/www.google.com\/url?hl=sl&amp;q=https:\/\/e-knjige.ff.uni-lj.si\/znanstvena-zalozba\/catalog\/book\/111&amp;source=gmail&amp;ust=1526034018115000&amp;usg=AFQjCNF4YtfHjLFtC5_Gkjk-ym-i9AKdwA\">https:\/\/e-knjige.ff.uni-lj.si\/<wbr \/>znanstvena-zalozba\/catalog\/<wbr \/>book\/111<\/a><\/p>\n<p><a href=\"https:\/\/e-knjige.ff.uni-lj.si\/znanstvena-zalozba\/catalog\/book\/111\"><img loading=\"lazy\" decoding=\"async\" class=\"alignnone size-full wp-image-6000\" src=\"http:\/\/nl.ijs.si\/janes\/wp-content\/uploads\/2018\/05\/mono.jpg\" alt=\"\" width=\"246\" height=\"350\" srcset=\"https:\/\/nl.ijs.si\/janes\/wp-content\/uploads\/2018\/05\/mono.jpg 246w, https:\/\/nl.ijs.si\/janes\/wp-content\/uploads\/2018\/05\/mono-211x300.jpg 211w\" sizes=\"auto, (max-width: 246px) 100vw, 246px\" \/><\/a><\/p>\n\n            \n        <\/div><!-- \/.entry-content -->\n        \n\t<\/div>\n\t<!-- \/.post-content -->\n\t\n<\/article>\n<!-- \/.post -->\n\n<article id=\"post-5985\" class=\"post tf_clearfix cat-3 post-5985 type-post status-publish format-standard hentry category-obvestila has-post-title has-post-date has-post-category has-post-tag has-post-comment has-post-author \">\n\t\n\t\n\t<div class=\"post-content\">\n\n\t\t\n\t\t<h2 class=\"post-title entry-title\">JANES v oddaji Podobe znanja<\/h2>\t\t\t\t\t<p class=\"post-meta entry-meta\">\n\n\t\t\t\t\n\t\t\t\t\t\t\t\t\t <time datetime=\"2018-03-29\" class=\"post-date entry-date updated\">29\/03\/2018<\/time>\n\t\t\t\t\n\t\t\t<\/p>\n\t\t\n\t\t\n\t\t\n\t\t        <div class=\"entry-content\">\n\n                                        <p>23. marca 2018 je Darja Fi\u0161er v pogovorni oddaji <a href=\"http:\/\/4d.rtvslo.si\/arhiv\/podobe-znanja\/174527849\">Podobe znanja<\/a> v okviru RTV Slovenija govorila o prese\u010di\u0161\u010du jezikoslovja in ra\u010dunalni\u0161kih tehnologij ter\u00a0 predstavila raziskovalne uspehe projekta JANES na tem interdisciplinarnem podro\u010dju.<\/p>\n\n            \n        <\/div><!-- \/.entry-content -->\n        \n\t<\/div>\n\t<!-- \/.post-content -->\n\t\n<\/article>\n<!-- \/.post -->\n\n<article id=\"post-5922\" class=\"post tf_clearfix cat-3 post-5922 type-post status-publish format-standard hentry category-obvestila has-post-title has-post-date has-post-category has-post-tag has-post-comment has-post-author \">\n\t\n\t\n\t<div class=\"post-content\">\n\n\t\t\n\t\t<h2 class=\"post-title entry-title\">Podiplomska \u0161ola ZRC SAZU<\/h2>\t\t\t\t\t<p class=\"post-meta entry-meta\">\n\n\t\t\t\t\n\t\t\t\t\t\t\t\t\t <time datetime=\"2017-11-10\" class=\"post-date entry-date updated\">10\/11\/2017<\/time>\n\t\t\t\t\n\t\t\t<\/p>\n\t\t\n\t\t\n\t\t\n\t\t        <div class=\"entry-content\">\n\n                                        <p>V\u010deraj je Darja Fi\u0161er rezultate projekta Janes predstavila na vabljenem predavanju na Podiplomski \u0161oli ZRC SAZU. Predavala je o pristopih k avtomatskem prepoznavanju pomenskih premikov v tvitih.<\/p>\n\n            \n        <\/div><!-- \/.entry-content -->\n        \n\t<\/div>\n\t<!-- \/.post-content -->\n\t\n<\/article>\n<!-- \/.post -->\n\n<article id=\"post-5918\" class=\"post tf_clearfix cat-3 post-5918 type-post status-publish format-standard hentry category-obvestila has-post-title has-post-date has-post-category has-post-tag has-post-comment has-post-author \">\n\t\n\t\n\t<div class=\"post-content\">\n\n\t\t\n\t\t<h2 class=\"post-title entry-title\">Konferenca CMC-Corpora 2017<\/h2>\t\t\t\t\t<p class=\"post-meta entry-meta\">\n\n\t\t\t\t\n\t\t\t\t\t\t\t\t\t <time datetime=\"2017-11-09\" class=\"post-date entry-date updated\">09\/11\/2017<\/time>\n\t\t\t\t\n\t\t\t<\/p>\n\t\t\n\t\t\n\t\t\n\t\t        <div class=\"entry-content\">\n\n                                        <p>Rezultate projekta JANES smo z dvema prispevkoma predstavili na 5. konferenci <a href=\"https:\/\/cmc-corpora2017.eurac.edu\/\">CMC-Corpora 2017<\/a>, ki je bila organizirana v okviru raziskovalnega centra <a href=\"http:\/\/www.eurac.edu\/\">Eurac <\/a>research. Prispevka Fear and Loathing on Twitter: Attitudes towards Language (avtorja dr. Damjan Popi\u010d in dr. Darja Fi\u0161er) ter\u00a0Corpus-Based Analysis of Demonyms in Slovene Twitter (avtorja Taja Kuzman in dr. Darja Fi\u0161er) sta dostopna na tej <a href=\"https:\/\/cmc-corpora2017.eurac.edu\/proceedings\/cmccorpora17-proceedings.pdf\">povezavi<\/a>.<\/p>\n\n            \n        <\/div><!-- \/.entry-content -->\n        \n\t<\/div>\n\t<!-- \/.post-content -->\n\t\n<\/article>\n<!-- \/.post -->\n\n<article id=\"post-5896\" class=\"post tf_clearfix cat-3 post-5896 type-post status-publish format-standard has-post-thumbnail hentry category-obvestila has-post-title has-post-date has-post-category has-post-tag has-post-comment has-post-author \">\n\t\n\t                <figure class=\"post-image tf_clearfix\">\n                                                            <a href=\"https:\/\/nl.ijs.si\/janes\/monografija\/\">\n                                        <img loading=\"lazy\" decoding=\"async\" width=\"350\" height=\"451\" src=\"https:\/\/nl.ijs.si\/janes\/wp-content\/uploads\/2017\/10\/cmc-naslovnica.jpg\" class=\"wp-post-image wp-image-5897\" title=\"cmc naslovnica\" alt=\"cmc naslovnica\" srcset=\"https:\/\/nl.ijs.si\/janes\/wp-content\/uploads\/2017\/10\/cmc-naslovnica.jpg 350w, https:\/\/nl.ijs.si\/janes\/wp-content\/uploads\/2017\/10\/cmc-naslovnica-233x300.jpg 233w\" sizes=\"auto, (max-width: 350px) 100vw, 350px\" \/>                                                                    <\/a>\n                                                                <\/figure>\n                    \n\t<div class=\"post-content\">\n\n\t\t\n\t\t<h2 class=\"post-title entry-title\">Monografija<\/h2>\t\t\t\t\t<p class=\"post-meta entry-meta\">\n\n\t\t\t\t\n\t\t\t\t\t\t\t\t\t <time datetime=\"2017-10-03\" class=\"post-date entry-date updated\">03\/10\/2017<\/time>\n\t\t\t\t\n\t\t\t<\/p>\n\t\t\n\t\t\n\t\t\n\t\t        <div class=\"entry-content\">\n\n                                        <p>Iz\u0161la je\u00a0monografija <a href=\"https:\/\/knjigarna.ff.uni-lj.si\/si\/izdelek\/1765\/investigating-computer-mediated-coomunication\/\"><em>Investigating computer-mediated communication: Corpus-based approaches to language in the digital world<\/em><\/a>, ki sta jo uredila Michael Bei\u00dfwenger in Darja Fi\u0161er.<\/p>\n<p>Pobuda za publikacijo je pri\u0161la na lanski ljubljanski konferenci <a href=\"http:\/\/nl.ijs.si\/janes\/cmc-corpora2016\/\">cmc-corpora<\/a>. Od 16 prispelih del je bilo na podlagi recenzij za objavo izbranih 8 prispevkov. Sodelovalo je 16 avtorjev iz 13 razli\u010dnih dr\u017eav, ki so z razli\u010dnih zornih kotov in z razli\u010dnimi metodolo\u0161kimi prijemi analizirali 8 razli\u010dnih jezikov.<\/p>\n<p><a href=\"https:\/\/knjigarna.ff.uni-lj.si\/si\/izdelek\/1765\/investigating-computer-mediated-coomunication\/\"><img loading=\"lazy\" decoding=\"async\" class=\"alignnone size-full wp-image-5897\" src=\"http:\/\/nl.ijs.si\/janes\/wp-content\/uploads\/2017\/10\/cmc-naslovnica.jpg\" alt=\"\" width=\"350\" height=\"451\" srcset=\"https:\/\/nl.ijs.si\/janes\/wp-content\/uploads\/2017\/10\/cmc-naslovnica.jpg 350w, https:\/\/nl.ijs.si\/janes\/wp-content\/uploads\/2017\/10\/cmc-naslovnica-233x300.jpg 233w\" sizes=\"auto, (max-width: 350px) 100vw, 350px\" \/><\/a><\/p>\n\n            \n        <\/div><!-- \/.entry-content -->\n        \n\t<\/div>\n\t<!-- \/.post-content -->\n\t\n<\/article>\n<!-- \/.post -->\n\n<article id=\"post-5856\" class=\"post tf_clearfix cat-3 post-5856 type-post status-publish format-standard hentry category-obvestila has-post-title has-post-date has-post-category has-post-tag has-post-comment has-post-author \">\n\t\n\t\n\t<div class=\"post-content\">\n\n\t\t\n\t\t<h2 class=\"post-title entry-title\">Magistrski nalogi v okviru projekta JANES<\/h2>\t\t\t\t\t<p class=\"post-meta entry-meta\">\n\n\t\t\t\t\n\t\t\t\t\t\t\t\t\t <time datetime=\"2017-09-15\" class=\"post-date entry-date updated\">15\/09\/2017<\/time>\n\t\t\t\t\n\t\t\t<\/p>\n\t\t\n\t\t\n\t\t\n\t\t        <div class=\"entry-content\">\n\n                                        <p>Z velikim veseljem in ponosom sporo\u010damo, da sta Iza \u0160krjanec in \u0160pela Reher uspe\u0161no zagovarjali svoji magistrski nalogi, ki sta jih pripravili v okviru projekta JANES. Iza \u0160krjanec je pod mentorstvom prof. dr. Nade Lavra\u010d in somentorstvom dr. Senje Pollak <a href=\"http:\/\/nl.ijs.si\/janes\/wp-content\/uploads\/2017\/09\/Skrjanec_Master_Thesis_final.pdf\">analizirala slovenske spletne uporabni\u0161ke vsebine z vidika spola<\/a>, \u0160pela Reher pa je pod mentorstvom doc. dr. Darje Fi\u0161er izvedla <a href=\"http:\/\/nl.ijs.si\/janes\/wp-content\/uploads\/2017\/09\/Magistrsko-delo_\u0160pela-Reher_final.pdf\">analizo kodnega preklapljanja v slovenskih tvitih<\/a>. Obema za odli\u010dno opravljeno delo iz srca \u010destitamo in jima \u017eelimo veliko podobnih uspehov tudi v prihodnje!<\/p>\n\n            \n        <\/div><!-- \/.entry-content -->\n        \n\t<\/div>\n\t<!-- \/.post-content -->\n\t\n<\/article>\n<!-- \/.post -->\n\n<article id=\"post-5804\" class=\"post tf_clearfix cat-3 post-5804 type-post status-publish format-standard hentry category-obvestila has-post-title has-post-date has-post-category has-post-tag has-post-comment has-post-author \">\n\t\n\t\n\t<div class=\"post-content\">\n\n\t\t\n\t\t<h2 class=\"post-title entry-title\">2. mesto v tekmovanju profiliranja avtorjev<\/h2>\t\t\t\t\t<p class=\"post-meta entry-meta\">\n\n\t\t\t\t\n\t\t\t\t\t\t\t\t\t <time datetime=\"2017-07-04\" class=\"post-date entry-date updated\">04\/07\/2017<\/time>\n\t\t\t\t\n\t\t\t<\/p>\n\t\t\n\t\t\n\t\t\n\t\t        <div class=\"entry-content\">\n\n                                        <div class=\"\">Na tekmovanju <a href=\"http:\/\/pan.webis.de\/clef17\/pan17-web\/author-profiling.html\">PAN 2017<\/a> iz profiliranja avtorjev \u00a0smo (Matej Martinc et al.) dosegli 2. mesto med 22 tekmovalci.\u00a0Za avtorja tvitov (v angl., \u0161pan., port. in arab.) je bilo potrebno ugotoviti spol in jezikovno razli\u010dico. Od vseh tekmovalcev smo se najbolje odrezali tudi v napovedovanju spola avtorjev in avtoric arabskih tvitov.<\/div>\n\n            \n        <\/div><!-- \/.entry-content -->\n        \n\t<\/div>\n\t<!-- \/.post-content -->\n\t\n<\/article>\n<!-- \/.post -->\n    <\/div><!-- .builder-posts-wrap -->\n            <\/div>\n<!-- \/module post -->\n            <\/div>\n                        <\/div>\n        <\/div>\n        <\/div>\n<!--\/themify_builder_content-->","protected":false},"excerpt":{"rendered":"","protected":false},"author":20,"featured_media":0,"parent":0,"menu_order":0,"comment_status":"closed","ping_status":"closed","template":"","meta":{"footnotes":""},"class_list":["post-4531","page","type-page","status-publish","hentry","has-post-title","has-post-date","has-post-category","has-post-tag","has-post-comment","has-post-author",""],"builder_content":"","_links":{"self":[{"href":"https:\/\/nl.ijs.si\/janes\/wp-json\/wp\/v2\/pages\/4531","targetHints":{"allow":["GET"]}}],"collection":[{"href":"https:\/\/nl.ijs.si\/janes\/wp-json\/wp\/v2\/pages"}],"about":[{"href":"https:\/\/nl.ijs.si\/janes\/wp-json\/wp\/v2\/types\/page"}],"author":[{"embeddable":true,"href":"https:\/\/nl.ijs.si\/janes\/wp-json\/wp\/v2\/users\/20"}],"replies":[{"embeddable":true,"href":"https:\/\/nl.ijs.si\/janes\/wp-json\/wp\/v2\/comments?post=4531"}],"version-history":[{"count":2,"href":"https:\/\/nl.ijs.si\/janes\/wp-json\/wp\/v2\/pages\/4531\/revisions"}],"predecessor-version":[{"id":6269,"href":"https:\/\/nl.ijs.si\/janes\/wp-json\/wp\/v2\/pages\/4531\/revisions\/6269"}],"wp:attachment":[{"href":"https:\/\/nl.ijs.si\/janes\/wp-json\/wp\/v2\/media?parent=4531"}],"curies":[{"name":"wp","href":"https:\/\/api.w.org\/{rel}","templated":true}]}}