{"id":4443,"date":"2016-01-27T16:28:10","date_gmt":"2016-01-27T15:28:10","guid":{"rendered":"http:\/\/nl.ijs.si\/janes\/?page_id=4443"},"modified":"2026-04-09T11:10:29","modified_gmt":"2026-04-09T09:10:29","slug":"tabor-2016","status":"publish","type":"page","link":"https:\/\/nl.ijs.si\/janes\/dogodki\/tabor-2016\/","title":{"rendered":"Tabor 2016"},"content":{"rendered":"<h1 style=\"text-align: center;\">2. poletni raziskovalni tabor<br \/>\nspletne sloven\u0161\u010dine za gimnazijce JANES<\/h1>\n<p style=\"text-align: center;\"><strong>Oddelek za prevajalstvo,\u00a0Filozofska fakulteta, Ljubljana<\/strong><\/p>\n<p style=\"text-align: center;\"><strong>4.\u20138. julij 2016<\/strong><\/p>\n<p style=\"text-align: justify;\">Tabor je bil namenjen dijakom in \u0161tudentom, ki jih zanimata jezikoslovje in sloven\u0161\u010dina, vklju\u010deval pa je predavanja, vaje in delavnice na temo sloven\u0161\u010dine na spletu in v novih medijih. Poskrbljeno je bilo tudi za dru\u017eabni program.<\/p>\n<p style=\"text-align: justify;\"><span style=\"font-weight: 400;\">Ob zaklju\u010dku tabora so udele\u017eenci svoje raziskovalne rezultate javno predstavili, <\/span><span style=\"font-weight: 400;\">najbolj\u0161i pa bodo predstavljeni na <a href=\"http:\/\/nl.ijs.si\/janes\/cmc-corpora2016\/\" target=\"_blank\" rel=\"noopener\">mednarodni konferenci o ra\u010dunalni\u0161ko posredovani komunikaciji in dru\u017ebenih omre\u017ejih<\/a>, ki jo prirejamo 28. in 29. septembra 2016 v Ljubljani<\/span><span style=\"font-weight: 400;\">.<\/span><\/p>\n<p style=\"text-align: justify;\">Utrinke z lanskega tabora si lahko ogledate <a href=\"http:\/\/nl.ijs.si\/janes\/dogodki\/tabor-2015\/\" target=\"_blank\" rel=\"noopener\">tukaj<\/a>.<\/p>\n<h2>Program\u00a0[<a href=\"http:\/\/nl.ijs.si\/janes\/wp-content\/uploads\/2016\/01\/tabor-janes-2016-urnik.pdf\">pdf<\/a>]<\/h2>\n<p>Ponedeljek, 4. 7. 2016<\/p>\n<p><b>Korpusi in korpusno jezikoslovje (dr. \u0160pela Arhar Holdt)<\/b><\/p>\n<p><em>Kako s sodobnimi ra\u010dunalni\u0161kimi orodji jezikoslovci prou\u010dujejo sloven\u0161\u010dino? Kaj je v sodobni sloven\u0161\u010dini tipi\u010dno? Kateri jezikovni pojavi so novi? Kako dolgo se \u017ee uporablja beseda &#8220;v\u0161e\u010dkati&#8221;?<\/em><\/p>\n<ul>\n<li>Predavanje: [<a href=\"http:\/\/nl.ijs.si\/janes\/wp-content\/uploads\/2016\/01\/tabor-janes-2016-01-predavanje.pdf\">pdf<\/a>]<\/li>\n<li>Vaje: [<a href=\"http:\/\/nl.ijs.si\/janes\/wp-content\/uploads\/2016\/01\/tabor-janes-2016-01-delavnica.pdf\">pdf<\/a>]<\/li>\n<\/ul>\n<p>Torek, 5. 7. 2016<\/p>\n<p><b><b>Standardna in spletna sloven\u0161\u010dina (asist. dr. Damjan Popi\u010d)<\/b><\/b><\/p>\n<p><em>Kak\u0161ne so razlike med &#8220;pravilno&#8221; in spletno sloven\u0161\u010dino? Ali na spletu veljajo druga\u010dna jezikovna pravila? USB-klju\u010d, USB klju\u010d, usb klju\u010d, klju\u010d USB, klju\u010d usb?\u00a0<\/em><\/p>\n<ul>\n<li>Predavanje: [<a href=\"http:\/\/nl.ijs.si\/janes\/wp-content\/uploads\/2016\/01\/tabor-popic-predavanje.pdf\">pdf<\/a>]<\/li>\n<li>Vaje: [<a href=\"http:\/\/nl.ijs.si\/janes\/wp-content\/uploads\/2016\/01\/tabor-popic-vaje.pdf\">pdf<\/a>]<\/li>\n<li>Delavnice: [<a href=\"http:\/\/nl.ijs.si\/janes\/wp-content\/uploads\/2016\/01\/tabor-popic-delavnica.pdf\">pdf<\/a>]<\/li>\n<\/ul>\n<p>Sreda, 6. 7. 2016<\/p>\n<p><b><b>Frazeologija v spletni sloven\u0161\u010dini (dr. Polona Gantar)<\/b><\/b><\/p>\n<p><em>Kako pregovori, reki in frazemi \u017eivijo na spletu? Kako se spreminjajo? Kdor \u010daka &#8230; ima ful \u010dasa.\u00a0<\/em><\/p>\n<ul>\n<li>Predavanje: [<a href=\"http:\/\/nl.ijs.si\/janes\/wp-content\/uploads\/2016\/01\/tabor-gantar-predavanje.pdf\">pdf<\/a>]<\/li>\n<li>Vaje in delavnice: [<a href=\"http:\/\/nl.ijs.si\/janes\/wp-content\/uploads\/2016\/01\/tabor-gantar-vaje.pdf\">pdf<\/a>]<\/li>\n<\/ul>\n<p>\u010cetrtek, 7. 7. 2016<\/p>\n<p><b><b>Govor in spletna sloven\u0161\u010dina (dr. Tadeja Rozman)<\/b><\/b><\/p>\n<p><em><span style=\"font-weight: 400;\">Ali v spletnih klepetalnicah uporabljamo pisno ali govorjeno sloven\u0161\u010dino? V \u010dem se pogovori na dru\u017ebenih omre\u017ejih razlikujejo od pogovorov v \u017eivo? Se nam tudi na spletu zatika in uporabljamo ma\u0161ila, kot so eee, mmm ipd.?<\/span><\/em><\/p>\n<ul>\n<li>Predavanje: []<\/li>\n<li>Vaje: [<a href=\"http:\/\/nl.ijs.si\/janes\/wp-content\/uploads\/2016\/01\/tabor-rozman-vaje.pdf\">pdf<\/a>]<\/li>\n<li>Delavnice: forumi [<a href=\"http:\/\/nl.ijs.si\/janes\/wp-content\/uploads\/2016\/01\/tabor-rozman-delavnica1.pdf\">pdf<\/a>], tviti [<a href=\"http:\/\/nl.ijs.si\/janes\/wp-content\/uploads\/2016\/01\/tabor-rozman-delavnica2.pdf\">pdf<\/a>], podatki za besedni oblak [<a href=\"http:\/\/nl.ijs.si\/janes\/wp-content\/uploads\/2016\/01\/podatki-za-besedni-oblak.xlsx\">xlsx<\/a>], seznam tujih besed [<a href=\"http:\/\/nl.ijs.si\/janes\/wp-content\/uploads\/2016\/07\/tabor-tuje_dalj\u0161i-seznam.txt\">txt<\/a>]<\/li>\n<\/ul>\n<p>Petek, 8. 7. 2016<\/p>\n<p><b><b>Sloven\u0161\u010dina v stiku z drugimi jeziki<\/b><\/b><\/p>\n<p><span style=\"font-weight: 400;\"><em>Kako v sloven\u0161\u010dino na spletu vstopajo prvine tujih jezikov? V katerih okoli\u0161\u010dinah slovenski uporabniki spleta preklapljamo v druge jezike? Klikati, printati, sejvati. \u017daluzija, atelje? Ful, kul, kjut.<\/em> <\/span><\/p>\n<ul>\n<li>Predavanje: [<a href=\"http:\/\/nl.ijs.si\/janes\/wp-content\/uploads\/2016\/01\/tabor-cibej-predavanje.pdf\">pdf<\/a>]<\/li>\n<li>Vaje: [<a href=\"http:\/\/nl.ijs.si\/janes\/wp-content\/uploads\/2016\/01\/tabor-cibej-vaje.pdf\">pdf<\/a>]<\/li>\n<\/ul>\n<h2>Predstavitve dijakov<\/h2>\n<ul>\n<li>Iza Tu\u0161ar, Karmen Strel, Sonja Gabrijel\u010di\u010d, Melani Potr\u010d in Tina Brezner &#8211; <strong>Govor in spletna sloven\u0161\u010dina<\/strong> [<a href=\"http:\/\/nl.ijs.si\/janes\/wp-content\/uploads\/2016\/01\/tabor_JANES_2016-govor-in-spletna-slovenscina.pdf\">pdf<\/a>]<\/li>\n<li>Katarina Ge\u010d, Tajda Kralj, Bla\u017e \u0160oba in Uro\u0161 Tesi\u010d &#8211; <strong>Pojavljanje imen v korpusih<\/strong> [<a href=\"http:\/\/nl.ijs.si\/janes\/wp-content\/uploads\/2016\/01\/tabor_JANES_2016-pojavljanje-imen-v-korpusih.pdf\">pdf<\/a>]<\/li>\n<li>An\u017ee Ros, Reja \u017dinko, Anja Marton in Sebastjan Krek &#8211; <strong>Kratice<\/strong> [<a href=\"http:\/\/nl.ijs.si\/janes\/wp-content\/uploads\/2016\/01\/tabor_JANES_2016-kratice.pdf\">pdf<\/a>]<\/li>\n<li>Jana Frank, Ma\u0161a Jambri\u0161ko, Nika Lorber, Jasna Re\u0161\u010di\u010d &#8211; <strong>Raba latinskih izrekov v spletni in splo\u0161ni sloven\u0161\u010dini<\/strong><em>\u00a0<\/em>[<a href=\"http:\/\/nl.ijs.si\/janes\/wp-content\/uploads\/2016\/01\/tabor_JANES_2016-raba-latinskih-izrekov.pdf\">pdf<\/a>]<\/li>\n<li>Julijana Zupani\u010d, Katja Predan, Luka \u010cerne, Lucija Gruden &#8211; <strong>Pozitivno in negativno besedi\u0161\u010de v korpusih Kres in Janes<\/strong><em>\u00a0<\/em>[<a href=\"http:\/\/nl.ijs.si\/janes\/wp-content\/uploads\/2016\/01\/tabor_JANES_2016-pozitivno-in-negativno.pdf\">pdf<\/a>]<\/li>\n<\/ul>\n<h2><b>Predavatelji<\/b><\/h2>\n<ul>\n<li style=\"font-weight: 400;\"><span style=\"font-weight: 400;\"><a href=\"https:\/\/www.ff.uni-lj.si\/zaposleni\/spela-arhar-holdt\" target=\"_blank\" rel=\"noopener\">dr. \u0160pela Arhar Holdt<\/a><\/span><\/li>\n<li style=\"font-weight: 400;\"><a href=\"http:\/\/www.prevajalstvo.net\/teacher\/83\" target=\"_blank\" rel=\"noopener\"><span style=\"font-weight: 400;\">asist. Jaka \u010cibej<\/span><\/a><\/li>\n<li style=\"font-weight: 400;\"><span style=\"font-weight: 400;\"><a href=\"http:\/\/lojze.lugos.si\/darja\/\" target=\"_blank\" rel=\"noopener\">doc. dr. Darja Fi\u0161er<\/a><\/span><\/li>\n<li style=\"font-weight: 400;\"><span style=\"font-weight: 400;\"><a href=\"http:\/\/www.prevajalstvo.net\/ucitelj\/86\" target=\"_blank\" rel=\"noopener\">dr. Polona Gantar<\/a><\/span><\/li>\n<li style=\"font-weight: 400;\"><span style=\"font-weight: 400;\"><a href=\"http:\/\/www.prevajalstvo.net\/ucitelj\/43\" target=\"_blank\" rel=\"noopener\">asist. dr. Damjan Popi\u010d<\/a><\/span><\/li>\n<li style=\"font-weight: 400;\">dr. Tadeja Rozman<\/li>\n<li style=\"font-weight: 400;\"><span style=\"font-weight: 400;\"><a href=\"http:\/\/kt.ijs.si\/mem\/katja_zupan\" target=\"_blank\" rel=\"noopener\">Katja Zupan<\/a><\/span><\/li>\n<\/ul>\n<h2><b>Organizacijski odbor<\/b><\/h2>\n<ul>\n<li><a href=\"http:\/\/lojze.lugos.si\/darja\/\" target=\"_blank\" rel=\"noopener\">doc. dr. Darja Fi\u0161er<\/a><\/li>\n<li><a href=\"http:\/\/www.prevajalstvo.net\/ucitelj\/83\" target=\"_blank\" rel=\"noopener\">asist. Jaka \u010cibej<\/a><\/li>\n<\/ul>\n<h2>Utrinki s tabora<\/h2>\n<p><a href=\"http:\/\/nl.ijs.si\/janes\/wp-content\/uploads\/2016\/01\/DSC03261.jpg\"><img loading=\"lazy\" decoding=\"async\" class=\"alignnone wp-image-4785 size-medium\" src=\"http:\/\/nl.ijs.si\/janes\/wp-content\/uploads\/2016\/01\/DSC03261-e1468953301120-200x300.jpg\" alt=\"DSC03261\" width=\"200\" height=\"300\" srcset=\"https:\/\/nl.ijs.si\/janes\/wp-content\/uploads\/2016\/01\/DSC03261-e1468953301120-200x300.jpg 200w, https:\/\/nl.ijs.si\/janes\/wp-content\/uploads\/2016\/01\/DSC03261-e1468953301120-768x1152.jpg 768w, https:\/\/nl.ijs.si\/janes\/wp-content\/uploads\/2016\/01\/DSC03261-e1468953301120-683x1024.jpg 683w\" sizes=\"auto, (max-width: 200px) 100vw, 200px\" \/><\/a> <a href=\"http:\/\/nl.ijs.si\/janes\/wp-content\/uploads\/2016\/01\/MG_0268.jpg\"><img loading=\"lazy\" decoding=\"async\" class=\"alignnone size-medium wp-image-4786\" src=\"http:\/\/nl.ijs.si\/janes\/wp-content\/uploads\/2016\/01\/MG_0268-300x200.jpg\" alt=\"_MG_0268\" width=\"300\" height=\"200\" srcset=\"https:\/\/nl.ijs.si\/janes\/wp-content\/uploads\/2016\/01\/MG_0268-300x200.jpg 300w, https:\/\/nl.ijs.si\/janes\/wp-content\/uploads\/2016\/01\/MG_0268-768x512.jpg 768w, https:\/\/nl.ijs.si\/janes\/wp-content\/uploads\/2016\/01\/MG_0268-1024x683.jpg 1024w\" sizes=\"auto, (max-width: 300px) 100vw, 300px\" \/><\/a> <a href=\"http:\/\/nl.ijs.si\/janes\/wp-content\/uploads\/2016\/01\/DSC03266.jpg\"><img loading=\"lazy\" decoding=\"async\" class=\"alignnone size-medium wp-image-4787\" src=\"http:\/\/nl.ijs.si\/janes\/wp-content\/uploads\/2016\/01\/DSC03266-300x200.jpg\" alt=\"DSC03266\" width=\"300\" height=\"200\" srcset=\"https:\/\/nl.ijs.si\/janes\/wp-content\/uploads\/2016\/01\/DSC03266-300x200.jpg 300w, https:\/\/nl.ijs.si\/janes\/wp-content\/uploads\/2016\/01\/DSC03266-768x512.jpg 768w, https:\/\/nl.ijs.si\/janes\/wp-content\/uploads\/2016\/01\/DSC03266-1024x683.jpg 1024w\" sizes=\"auto, (max-width: 300px) 100vw, 300px\" \/><\/a> <a href=\"http:\/\/nl.ijs.si\/janes\/wp-content\/uploads\/2016\/01\/MG_0451.jpg\"><img loading=\"lazy\" decoding=\"async\" class=\"alignnone size-medium wp-image-4788\" src=\"http:\/\/nl.ijs.si\/janes\/wp-content\/uploads\/2016\/01\/MG_0451-300x200.jpg\" alt=\"_MG_0451\" width=\"300\" height=\"200\" srcset=\"https:\/\/nl.ijs.si\/janes\/wp-content\/uploads\/2016\/01\/MG_0451-300x200.jpg 300w, https:\/\/nl.ijs.si\/janes\/wp-content\/uploads\/2016\/01\/MG_0451-768x512.jpg 768w, https:\/\/nl.ijs.si\/janes\/wp-content\/uploads\/2016\/01\/MG_0451-1024x683.jpg 1024w\" sizes=\"auto, (max-width: 300px) 100vw, 300px\" \/><\/a> <a href=\"http:\/\/nl.ijs.si\/janes\/wp-content\/uploads\/2016\/01\/DSC03298.jpg\"><img loading=\"lazy\" decoding=\"async\" class=\"alignnone size-medium wp-image-4789\" src=\"http:\/\/nl.ijs.si\/janes\/wp-content\/uploads\/2016\/01\/DSC03298-300x200.jpg\" alt=\"DSC03298\" width=\"300\" height=\"200\" srcset=\"https:\/\/nl.ijs.si\/janes\/wp-content\/uploads\/2016\/01\/DSC03298-300x200.jpg 300w, https:\/\/nl.ijs.si\/janes\/wp-content\/uploads\/2016\/01\/DSC03298-768x512.jpg 768w, https:\/\/nl.ijs.si\/janes\/wp-content\/uploads\/2016\/01\/DSC03298-1024x683.jpg 1024w\" sizes=\"auto, (max-width: 300px) 100vw, 300px\" \/><\/a> <a href=\"http:\/\/nl.ijs.si\/janes\/wp-content\/uploads\/2016\/01\/DSC03302.jpg\"><img loading=\"lazy\" decoding=\"async\" class=\"alignnone size-medium wp-image-4790\" src=\"http:\/\/nl.ijs.si\/janes\/wp-content\/uploads\/2016\/01\/DSC03302-300x200.jpg\" alt=\"DSC03302\" width=\"300\" height=\"200\" srcset=\"https:\/\/nl.ijs.si\/janes\/wp-content\/uploads\/2016\/01\/DSC03302-300x200.jpg 300w, https:\/\/nl.ijs.si\/janes\/wp-content\/uploads\/2016\/01\/DSC03302-768x512.jpg 768w, https:\/\/nl.ijs.si\/janes\/wp-content\/uploads\/2016\/01\/DSC03302-1024x683.jpg 1024w\" sizes=\"auto, (max-width: 300px) 100vw, 300px\" \/><\/a> <a href=\"http:\/\/nl.ijs.si\/janes\/wp-content\/uploads\/2016\/01\/DSC03311.jpg\"><img loading=\"lazy\" decoding=\"async\" class=\"alignnone size-medium wp-image-4791\" src=\"http:\/\/nl.ijs.si\/janes\/wp-content\/uploads\/2016\/01\/DSC03311-300x200.jpg\" alt=\"DSC03311\" width=\"300\" height=\"200\" srcset=\"https:\/\/nl.ijs.si\/janes\/wp-content\/uploads\/2016\/01\/DSC03311-300x200.jpg 300w, https:\/\/nl.ijs.si\/janes\/wp-content\/uploads\/2016\/01\/DSC03311-768x512.jpg 768w, https:\/\/nl.ijs.si\/janes\/wp-content\/uploads\/2016\/01\/DSC03311-1024x683.jpg 1024w\" sizes=\"auto, (max-width: 300px) 100vw, 300px\" \/><\/a> \u00a0<a href=\"http:\/\/nl.ijs.si\/janes\/wp-content\/uploads\/2016\/01\/DSC03326.jpg\"><img loading=\"lazy\" decoding=\"async\" class=\"alignnone size-medium wp-image-4793\" src=\"http:\/\/nl.ijs.si\/janes\/wp-content\/uploads\/2016\/01\/DSC03326-300x200.jpg\" alt=\"DSC03326\" width=\"300\" height=\"200\" srcset=\"https:\/\/nl.ijs.si\/janes\/wp-content\/uploads\/2016\/01\/DSC03326-300x200.jpg 300w, https:\/\/nl.ijs.si\/janes\/wp-content\/uploads\/2016\/01\/DSC03326-768x512.jpg 768w, https:\/\/nl.ijs.si\/janes\/wp-content\/uploads\/2016\/01\/DSC03326-1024x683.jpg 1024w\" sizes=\"auto, (max-width: 300px) 100vw, 300px\" \/><\/a> <a href=\"http:\/\/nl.ijs.si\/janes\/wp-content\/uploads\/2016\/01\/DSC03330.jpg\"><img loading=\"lazy\" decoding=\"async\" class=\"alignnone size-medium wp-image-4794\" src=\"http:\/\/nl.ijs.si\/janes\/wp-content\/uploads\/2016\/01\/DSC03330-300x200.jpg\" alt=\"DSC03330\" width=\"300\" height=\"200\" srcset=\"https:\/\/nl.ijs.si\/janes\/wp-content\/uploads\/2016\/01\/DSC03330-300x200.jpg 300w, https:\/\/nl.ijs.si\/janes\/wp-content\/uploads\/2016\/01\/DSC03330-768x512.jpg 768w, https:\/\/nl.ijs.si\/janes\/wp-content\/uploads\/2016\/01\/DSC03330-1024x683.jpg 1024w\" sizes=\"auto, (max-width: 300px) 100vw, 300px\" \/><\/a> <a href=\"http:\/\/nl.ijs.si\/janes\/wp-content\/uploads\/2016\/01\/MG_0519.jpg\"><img loading=\"lazy\" decoding=\"async\" class=\"alignnone size-medium wp-image-4795\" src=\"http:\/\/nl.ijs.si\/janes\/wp-content\/uploads\/2016\/01\/MG_0519-300x200.jpg\" alt=\"_MG_0519\" width=\"300\" height=\"200\" srcset=\"https:\/\/nl.ijs.si\/janes\/wp-content\/uploads\/2016\/01\/MG_0519-300x200.jpg 300w, https:\/\/nl.ijs.si\/janes\/wp-content\/uploads\/2016\/01\/MG_0519-768x512.jpg 768w, https:\/\/nl.ijs.si\/janes\/wp-content\/uploads\/2016\/01\/MG_0519-1024x683.jpg 1024w\" sizes=\"auto, (max-width: 300px) 100vw, 300px\" \/><\/a> <a href=\"http:\/\/nl.ijs.si\/janes\/wp-content\/uploads\/2016\/01\/DSC03348.jpg\"><img loading=\"lazy\" decoding=\"async\" class=\"alignnone size-medium wp-image-4796\" src=\"http:\/\/nl.ijs.si\/janes\/wp-content\/uploads\/2016\/01\/DSC03348-300x200.jpg\" alt=\"DSC03348\" width=\"300\" height=\"200\" srcset=\"https:\/\/nl.ijs.si\/janes\/wp-content\/uploads\/2016\/01\/DSC03348-300x200.jpg 300w, https:\/\/nl.ijs.si\/janes\/wp-content\/uploads\/2016\/01\/DSC03348-768x512.jpg 768w, https:\/\/nl.ijs.si\/janes\/wp-content\/uploads\/2016\/01\/DSC03348-1024x683.jpg 1024w\" sizes=\"auto, (max-width: 300px) 100vw, 300px\" \/><\/a> <a href=\"http:\/\/nl.ijs.si\/janes\/wp-content\/uploads\/2016\/01\/DSC03388.jpg\"><img loading=\"lazy\" decoding=\"async\" class=\"alignnone size-medium wp-image-4797\" src=\"http:\/\/nl.ijs.si\/janes\/wp-content\/uploads\/2016\/01\/DSC03388-300x200.jpg\" alt=\"DSC03388\" width=\"300\" height=\"200\" srcset=\"https:\/\/nl.ijs.si\/janes\/wp-content\/uploads\/2016\/01\/DSC03388-300x200.jpg 300w, https:\/\/nl.ijs.si\/janes\/wp-content\/uploads\/2016\/01\/DSC03388-768x512.jpg 768w, https:\/\/nl.ijs.si\/janes\/wp-content\/uploads\/2016\/01\/DSC03388-1024x683.jpg 1024w\" sizes=\"auto, (max-width: 300px) 100vw, 300px\" \/><\/a> <a href=\"http:\/\/nl.ijs.si\/janes\/wp-content\/uploads\/2016\/01\/DSC03390.jpg\"><img loading=\"lazy\" decoding=\"async\" class=\"alignnone size-medium wp-image-4798\" src=\"http:\/\/nl.ijs.si\/janes\/wp-content\/uploads\/2016\/01\/DSC03390-300x200.jpg\" alt=\"DSC03390\" width=\"300\" height=\"200\" srcset=\"https:\/\/nl.ijs.si\/janes\/wp-content\/uploads\/2016\/01\/DSC03390-300x200.jpg 300w, https:\/\/nl.ijs.si\/janes\/wp-content\/uploads\/2016\/01\/DSC03390-768x512.jpg 768w, https:\/\/nl.ijs.si\/janes\/wp-content\/uploads\/2016\/01\/DSC03390-1024x683.jpg 1024w\" sizes=\"auto, (max-width: 300px) 100vw, 300px\" \/><\/a> <a href=\"http:\/\/nl.ijs.si\/janes\/wp-content\/uploads\/2016\/01\/DSC03401.jpg\"><img loading=\"lazy\" decoding=\"async\" class=\"alignnone size-medium wp-image-4799\" src=\"http:\/\/nl.ijs.si\/janes\/wp-content\/uploads\/2016\/01\/DSC03401-300x200.jpg\" alt=\"DSC03401\" width=\"300\" height=\"200\" srcset=\"https:\/\/nl.ijs.si\/janes\/wp-content\/uploads\/2016\/01\/DSC03401-300x200.jpg 300w, https:\/\/nl.ijs.si\/janes\/wp-content\/uploads\/2016\/01\/DSC03401-768x512.jpg 768w, https:\/\/nl.ijs.si\/janes\/wp-content\/uploads\/2016\/01\/DSC03401-1024x683.jpg 1024w\" sizes=\"auto, (max-width: 300px) 100vw, 300px\" \/><\/a> <a href=\"http:\/\/nl.ijs.si\/janes\/wp-content\/uploads\/2016\/01\/DSC03405.jpg\"><img loading=\"lazy\" decoding=\"async\" class=\"alignnone wp-image-4800 size-medium\" src=\"http:\/\/nl.ijs.si\/janes\/wp-content\/uploads\/2016\/01\/DSC03405-e1468953334618-200x300.jpg\" alt=\"DSC03405\" width=\"200\" height=\"300\" srcset=\"https:\/\/nl.ijs.si\/janes\/wp-content\/uploads\/2016\/01\/DSC03405-e1468953334618-200x300.jpg 200w, https:\/\/nl.ijs.si\/janes\/wp-content\/uploads\/2016\/01\/DSC03405-e1468953334618-768x1152.jpg 768w, https:\/\/nl.ijs.si\/janes\/wp-content\/uploads\/2016\/01\/DSC03405-e1468953334618-683x1024.jpg 683w\" sizes=\"auto, (max-width: 200px) 100vw, 200px\" \/><\/a> <a href=\"http:\/\/nl.ijs.si\/janes\/wp-content\/uploads\/2016\/01\/DSC03407.jpg\"><img loading=\"lazy\" decoding=\"async\" class=\"alignnone size-medium wp-image-4801\" src=\"http:\/\/nl.ijs.si\/janes\/wp-content\/uploads\/2016\/01\/DSC03407-300x200.jpg\" alt=\"DSC03407\" width=\"300\" height=\"200\" srcset=\"https:\/\/nl.ijs.si\/janes\/wp-content\/uploads\/2016\/01\/DSC03407-300x200.jpg 300w, https:\/\/nl.ijs.si\/janes\/wp-content\/uploads\/2016\/01\/DSC03407-768x512.jpg 768w, https:\/\/nl.ijs.si\/janes\/wp-content\/uploads\/2016\/01\/DSC03407-1024x683.jpg 1024w\" sizes=\"auto, (max-width: 300px) 100vw, 300px\" \/><\/a><\/p>\n<h2><strong>Organizatorji<\/strong><\/h2>\n<p><a href=\"http:\/\/nl.ijs.si\/janes\/wp-content\/uploads\/2015\/03\/ff.png\"><img loading=\"lazy\" decoding=\"async\" class=\"alignnone size-full wp-image-3657\" src=\"http:\/\/nl.ijs.si\/janes\/wp-content\/uploads\/2015\/03\/ff.png\" alt=\"ff\" width=\"100\" height=\"96\" \/><\/a><a href=\"http:\/\/nl.ijs.si\/janes\/wp-content\/uploads\/2015\/03\/clarin.png\"><img loading=\"lazy\" decoding=\"async\" class=\"alignnone size-medium wp-image-3658\" src=\"http:\/\/nl.ijs.si\/janes\/wp-content\/uploads\/2015\/03\/clarin-300x125.png\" alt=\"clarin\" width=\"300\" height=\"125\" srcset=\"https:\/\/nl.ijs.si\/janes\/wp-content\/uploads\/2015\/03\/clarin-300x125.png 300w, https:\/\/nl.ijs.si\/janes\/wp-content\/uploads\/2015\/03\/clarin.png 359w\" sizes=\"auto, (max-width: 300px) 100vw, 300px\" \/><\/a><\/p>\n<p><!--themify_builder_static--><!--\/themify_builder_static--><\/p>\n","protected":false},"excerpt":{"rendered":"<p>2. poletni raziskovalni tabor spletne sloven\u0161\u010dine za gimnazijce JANES Oddelek za prevajalstvo,\u00a0Filozofska fakulteta, Ljubljana 4.\u20138. julij 2016 Tabor je bil namenjen dijakom in \u0161tudentom, ki jih zanimata jezikoslovje in sloven\u0161\u010dina, vklju\u010deval pa je predavanja, vaje in delavnice na temo sloven\u0161\u010dine na spletu in v novih medijih. Poskrbljeno je bilo tudi za dru\u017eabni program. Ob zaklju\u010dku [&hellip;]<\/p>\n","protected":false},"author":2,"featured_media":0,"parent":3081,"menu_order":0,"comment_status":"closed","ping_status":"closed","template":"","meta":{"footnotes":""},"class_list":["post-4443","page","type-page","status-publish","hentry","has-post-title","has-post-date","has-post-category","has-post-tag","has-post-comment","has-post-author",""],"builder_content":"","_links":{"self":[{"href":"https:\/\/nl.ijs.si\/janes\/wp-json\/wp\/v2\/pages\/4443","targetHints":{"allow":["GET"]}}],"collection":[{"href":"https:\/\/nl.ijs.si\/janes\/wp-json\/wp\/v2\/pages"}],"about":[{"href":"https:\/\/nl.ijs.si\/janes\/wp-json\/wp\/v2\/types\/page"}],"author":[{"embeddable":true,"href":"https:\/\/nl.ijs.si\/janes\/wp-json\/wp\/v2\/users\/2"}],"replies":[{"embeddable":true,"href":"https:\/\/nl.ijs.si\/janes\/wp-json\/wp\/v2\/comments?post=4443"}],"version-history":[{"count":41,"href":"https:\/\/nl.ijs.si\/janes\/wp-json\/wp\/v2\/pages\/4443\/revisions"}],"predecessor-version":[{"id":6274,"href":"https:\/\/nl.ijs.si\/janes\/wp-json\/wp\/v2\/pages\/4443\/revisions\/6274"}],"up":[{"embeddable":true,"href":"https:\/\/nl.ijs.si\/janes\/wp-json\/wp\/v2\/pages\/3081"}],"wp:attachment":[{"href":"https:\/\/nl.ijs.si\/janes\/wp-json\/wp\/v2\/media?parent=4443"}],"curies":[{"name":"wp","href":"https:\/\/api.w.org\/{rel}","templated":true}]}}