{"id":4320,"date":"2016-01-04T23:14:33","date_gmt":"2016-01-04T22:14:33","guid":{"rendered":"http:\/\/nl.ijs.si\/janes\/?page_id=4320"},"modified":"2018-10-13T20:18:25","modified_gmt":"2018-10-13T18:18:25","slug":"odzivi-v-medijih","status":"publish","type":"page","link":"https:\/\/nl.ijs.si\/janes\/publikacije\/odzivi-v-medijih\/","title":{"rendered":"Odzivi v medijih"},"content":{"rendered":"<h2>Objave v revijah<\/h2>\n<ul>\n<li>Mladina. <a href=\"http:\/\/www.mladina.si\/177802\/jajcevci-breskvice-in-solze-srece\/\">Jaj\u010devci, breskvice in solze sre\u010de<\/a>. 16. 12. 2016<\/li>\n<\/ul>\n<h2>Intervjuji v \u010dasopisih\u00a0in revijah<\/h2>\n<ul>\n<li>\n<p class=\"title\">Dnevnik: <a href=\"https:\/\/www.dnevnik.si\/1042752018\/kultura\/fokus\/jezikoslovci-o-slovenscini-na-spletu-ce-je-vprasanje-kdo-bo-koga-je-odgovor-slovenscina-bo-anglescino\">Jezikoslovci o sloven\u0161\u010dini na spletu: \u010ce je vpra\u0161anje, kdo bo koga, je odgovor sloven\u0161\u010dina bo angle\u0161\u010dino<\/a>, 1. 10. 2016<\/p>\n<\/li>\n<li>Pogledi, Problemi, <a href=\"http:\/\/nl.ijs.si\/janes\/wp-content\/uploads\/2016\/01\/pogledi-27-01-2016.pdf\">Demokratizacija ali one\u010da\u0161\u010denje jezika?<\/a>, 27. 1. 2016<\/li>\n<\/ul>\n<h2>Televizijske oddaje<\/h2>\n<ul>\n<li>POP TV, <a href=\"http:\/\/www.24ur.com\/novice\/slovenija\/slovenscina-med-najmanj-ogrozenimi-jeziki-na-svetu.html\">Preverjeno<\/a>, 10. 1. 2016<\/li>\n<li>RTV Slo, <a href=\"http:\/\/4d.rtvslo.si\/arhiv\/studio-city-prispevki\/174386045\">Studio City<\/a>, 1. 2. 2016<\/li>\n<\/ul>\n<h2>Radijske oddaje<\/h2>\n<ul>\n<li>RTV Slo, <a href=\"http:\/\/4d.rtvslo.si\/arhiv\/podobe-znanja\/174527849\">Podobe znanja<\/a>, 23.3.2018<\/li>\n<li>Ars, <a href=\"http:\/\/ars.rtvslo.si\/2016\/07\/jezikovni-pogovori-60\/\">Jezikovni pogovori<\/a>, 2. 8. 2016<\/li>\n<li>Ars, <a href=\"http:\/\/4d.rtvslo.si\/arhiv\/jezikovni-pogovori\/174394108\">Jezikovni pogovori<\/a>, 15. 3. 2015<\/li>\n<li>Radio Prvi, <a href=\"http:\/\/4d.rtvslo.si\/arhiv\/dogodki-in-odmevi\/174389745\" target=\"_blank\" rel=\"noopener\">Dogodki in odmevi<\/a> [od 17:00 naprej], 21. 2. 2016<\/li>\n<li>Ars, <a href=\"http:\/\/4d.rtvslo.si\/arhiv\/svet-kulture\/174389214\" target=\"_blank\" rel=\"noopener\">Svet kulture<\/a>\u00a0[od 8:30 naprej], 18. 2. 2016<\/li>\n<li>Val 202, <a href=\"http:\/\/val202.rtvslo.si\/2015\/12\/izvidnica-37\/\">Izvidnica<\/a>, 25. 12. 2015<\/li>\n<li>Radio Ognji\u0161\u010de, <a href=\"http:\/\/audio.ognjisce.si\/oddaje\/Dijaska_oddaja\">Dija\u0161ka oddaja<\/a>, 10. 9. 2015<\/li>\n<li>Radio Prvi, <a href=\"http:\/\/radioprvi.rtvslo.si\/2015\/08\/gymnasium-11\/\">Gymnasium<\/a>, 2. 9. 2015<\/li>\n<li>Ars, <a href=\"http:\/\/ars.rtvslo.si\/2015\/05\/jezikovni-pogovori-8\/\">Jezikovni pogovori<\/a>, 12. 5. 2015<\/li>\n<li>Ars, <a href=\"http:\/\/ars.rtvslo.si\/2015\/03\/jezikovni-pogovori-3\/\">Jezikovni pogovori<\/a>, 17. 3. 2015<\/li>\n<\/ul>\n","protected":false},"excerpt":{"rendered":"<p>Objave v revijah Mladina. Jaj\u010devci, breskvice in solze sre\u010de. 16. 12. 2016 Intervjuji v \u010dasopisih\u00a0in revijah Dnevnik: Jezikoslovci o sloven\u0161\u010dini na spletu: \u010ce je vpra\u0161anje, kdo bo koga, je odgovor sloven\u0161\u010dina bo angle\u0161\u010dino, 1. 10. 2016 Pogledi, Problemi, Demokratizacija ali one\u010da\u0161\u010denje jezika?, 27. 1. 2016 Televizijske oddaje POP TV, Preverjeno, 10. 1. 2016 RTV Slo, [&hellip;]<\/p>\n","protected":false},"author":2,"featured_media":0,"parent":22,"menu_order":4,"comment_status":"closed","ping_status":"closed","template":"","meta":{"footnotes":""},"class_list":["post-4320","page","type-page","status-publish","hentry","has-post-title","has-post-date","has-post-category","has-post-tag","has-post-comment","has-post-author",""],"builder_content":"","_links":{"self":[{"href":"https:\/\/nl.ijs.si\/janes\/wp-json\/wp\/v2\/pages\/4320","targetHints":{"allow":["GET"]}}],"collection":[{"href":"https:\/\/nl.ijs.si\/janes\/wp-json\/wp\/v2\/pages"}],"about":[{"href":"https:\/\/nl.ijs.si\/janes\/wp-json\/wp\/v2\/types\/page"}],"author":[{"embeddable":true,"href":"https:\/\/nl.ijs.si\/janes\/wp-json\/wp\/v2\/users\/2"}],"replies":[{"embeddable":true,"href":"https:\/\/nl.ijs.si\/janes\/wp-json\/wp\/v2\/comments?post=4320"}],"version-history":[{"count":14,"href":"https:\/\/nl.ijs.si\/janes\/wp-json\/wp\/v2\/pages\/4320\/revisions"}],"predecessor-version":[{"id":5983,"href":"https:\/\/nl.ijs.si\/janes\/wp-json\/wp\/v2\/pages\/4320\/revisions\/5983"}],"up":[{"embeddable":true,"href":"https:\/\/nl.ijs.si\/janes\/wp-json\/wp\/v2\/pages\/22"}],"wp:attachment":[{"href":"https:\/\/nl.ijs.si\/janes\/wp-json\/wp\/v2\/media?parent=4320"}],"curies":[{"name":"wp","href":"https:\/\/api.w.org\/{rel}","templated":true}]}}