{"id":2359,"date":"2014-09-11T18:33:55","date_gmt":"2014-09-11T16:33:55","guid":{"rendered":"http:\/\/nl.ijs.si\/janes\/?page_id=2359"},"modified":"2017-12-23T15:42:34","modified_gmt":"2017-12-23T14:42:34","slug":"viri","status":"publish","type":"page","link":"https:\/\/nl.ijs.si\/janes\/viri\/","title":{"rendered":"Viri"},"content":{"rendered":"<h1>Korpusi in drugi jezikovni viri projekta<\/h1>\n<p>V sklopu projekta Janes smo naredili ve\u010dje \u0161tevilo jezikovnih virov, ki so praviloma dostopni za iskanje prek <a href=\"http:\/\/www.clarin.si\/info\/konkordance\/\">konkordan\u010dnikov CLARIN.SI<\/a> in za prevzem z <a href=\"http:\/\/hdl.handle.net\/11346\/clarin.si-0JTG\">repozitorija CLARIN.SI<\/a>. Razdeljeni so na naslednje sklope:<\/p>\n<ul>\n<li><a href=\"http:\/\/nl.ijs.si\/janes\/viri\/avtomatsko-oznaceni-korpusi\/\">Avtomatsko ozna\u010deni korpusi<\/a><\/li>\n<li><a href=\"http:\/\/nl.ijs.si\/janes\/viri\/rocno-oznaceni-korpusi\/\">Ro\u010dno ozna\u010deni korpusi<\/a><\/li>\n<li><a href=\"http:\/\/nl.ijs.si\/janes\/viri\/slovarcek-tviterscine\/\">Slovar\u010dek tviter\u0161\u010dine<\/a><\/li>\n<\/ul>\n","protected":false},"excerpt":{"rendered":"<p>Korpusi in drugi jezikovni viri projekta V sklopu projekta Janes smo naredili ve\u010dje \u0161tevilo jezikovnih virov, ki so praviloma dostopni za iskanje prek konkordan\u010dnikov CLARIN.SI in za prevzem z repozitorija CLARIN.SI. Razdeljeni so na naslednje sklope: Avtomatsko ozna\u010deni korpusi Ro\u010dno ozna\u010deni korpusi Slovar\u010dek tviter\u0161\u010dine<\/p>\n","protected":false},"author":2,"featured_media":0,"parent":0,"menu_order":0,"comment_status":"closed","ping_status":"closed","template":"","meta":{"footnotes":""},"class_list":["post-2359","page","type-page","status-publish","hentry","has-post-title","has-post-date","has-post-category","has-post-tag","has-post-comment","has-post-author",""],"builder_content":"","_links":{"self":[{"href":"https:\/\/nl.ijs.si\/janes\/wp-json\/wp\/v2\/pages\/2359","targetHints":{"allow":["GET"]}}],"collection":[{"href":"https:\/\/nl.ijs.si\/janes\/wp-json\/wp\/v2\/pages"}],"about":[{"href":"https:\/\/nl.ijs.si\/janes\/wp-json\/wp\/v2\/types\/page"}],"author":[{"embeddable":true,"href":"https:\/\/nl.ijs.si\/janes\/wp-json\/wp\/v2\/users\/2"}],"replies":[{"embeddable":true,"href":"https:\/\/nl.ijs.si\/janes\/wp-json\/wp\/v2\/comments?post=2359"}],"version-history":[{"count":78,"href":"https:\/\/nl.ijs.si\/janes\/wp-json\/wp\/v2\/pages\/2359\/revisions"}],"predecessor-version":[{"id":5960,"href":"https:\/\/nl.ijs.si\/janes\/wp-json\/wp\/v2\/pages\/2359\/revisions\/5960"}],"wp:attachment":[{"href":"https:\/\/nl.ijs.si\/janes\/wp-json\/wp\/v2\/media?parent=2359"}],"curies":[{"name":"wp","href":"https:\/\/api.w.org\/{rel}","templated":true}]}}