{"id":52,"date":"2017-05-15T18:58:17","date_gmt":"2017-05-15T18:58:17","guid":{"rendered":"http:\/\/nl.ijs.si\/frenk\/?page_id=52"},"modified":"2017-07-13T19:41:49","modified_gmt":"2017-07-13T19:41:49","slug":"interdisciplinarna-analiza-dnd","status":"publish","type":"page","link":"https:\/\/nl.ijs.si\/frenk\/projekt-arrs-j7-8280\/interdisciplinarna-analiza-dnd\/","title":{"rendered":"Interdisciplinarna analiza DND"},"content":{"rendered":"<p style=\"text-align: justify;\">DS3 je osrednji del projekta in obsega interdisciplinarno raziskavo dru\u017ebeno nesprejemljivih diskurzivnih praks na dru\u017ebenih omre\u017ejih. Izvedli jo bomo s kombinacijo kvantitativnih in kvalitativnih, opisnih in inferen\u010dnih pristopov v okviru petih metodolo\u0161kih okvirov z razli\u010dnih podro\u010dij digitalne humanistike in dru\u017eboslovja. Ti pristopi so: korpusno jezikoslovje (N3.1), korpusno zasnovana kriti\u010dna analiza diskurza (N3.2), pravna analiza (N3.3), inferen\u010dna statistika (N3.4) in anketiranje (N3. 5). V tem DS bo raziskava temeljila na treh dru\u017ebenih problemih, ki trenutno predstavljajo najve\u010dja \u017eari\u0161\u010da DND v Sloveniji: migranti in islamofobija, homofobija in LGBT pravice ter seksizem in mizoginija. Rezultat tega DS bo prvi iz\u010drpni interdisciplinarni opis DND v sloven\u0161\u010dini. N3.1, N3.2 in N3.3 bodo tudi pripomogli k bolj\u0161emu prepoznavanju zna\u010dilk, ki so pomembne za odkrivanje in razlikovanje med razli\u010dnimi vrstami DND ter za samodejno prepoznavanje DND v N2.3.<\/p>\n<div id=\"themify_builder_content-52\" data-postid=\"52\" class=\"themify_builder_content themify_builder_content-52 themify_builder\">\n    <\/div>\n<!-- \/themify_builder_content -->\n","protected":false},"excerpt":{"rendered":"<p>DS3 je osrednji del projekta in obsega interdisciplinarno raziskavo dru\u017ebeno nesprejemljivih diskurzivnih praks na dru\u017ebenih omre\u017ejih. Izvedli jo bomo s kombinacijo kvantitativnih in kvalitativnih, opisnih in inferen\u010dnih pristopov v okviru petih metodolo\u0161kih okvirov z razli\u010dnih podro\u010dij digitalne humanistike in dru\u017eboslovja. Ti pristopi so: korpusno jezikoslovje (N3.1), korpusno zasnovana kriti\u010dna analiza diskurza (N3.2), pravna analiza (N3.3), [&hellip;]<\/p>\n","protected":false},"author":1,"featured_media":0,"parent":8,"menu_order":0,"comment_status":"closed","ping_status":"closed","template":"","meta":{"footnotes":""},"class_list":["post-52","page","type-page","status-publish","hentry","no-post-title","has-post-date","has-post-category","has-post-tag","has-post-comment","has-post-author",""],"builder_content":"","_links":{"self":[{"href":"https:\/\/nl.ijs.si\/frenk\/wp-json\/wp\/v2\/pages\/52","targetHints":{"allow":["GET"]}}],"collection":[{"href":"https:\/\/nl.ijs.si\/frenk\/wp-json\/wp\/v2\/pages"}],"about":[{"href":"https:\/\/nl.ijs.si\/frenk\/wp-json\/wp\/v2\/types\/page"}],"author":[{"embeddable":true,"href":"https:\/\/nl.ijs.si\/frenk\/wp-json\/wp\/v2\/users\/1"}],"replies":[{"embeddable":true,"href":"https:\/\/nl.ijs.si\/frenk\/wp-json\/wp\/v2\/comments?post=52"}],"version-history":[{"count":5,"href":"https:\/\/nl.ijs.si\/frenk\/wp-json\/wp\/v2\/pages\/52\/revisions"}],"predecessor-version":[{"id":310,"href":"https:\/\/nl.ijs.si\/frenk\/wp-json\/wp\/v2\/pages\/52\/revisions\/310"}],"up":[{"embeddable":true,"href":"https:\/\/nl.ijs.si\/frenk\/wp-json\/wp\/v2\/pages\/8"}],"wp:attachment":[{"href":"https:\/\/nl.ijs.si\/frenk\/wp-json\/wp\/v2\/media?parent=52"}],"curies":[{"name":"wp","href":"https:\/\/api.w.org\/{rel}","templated":true}]}}