{"id":50,"date":"2017-05-15T18:58:04","date_gmt":"2017-05-15T18:58:04","guid":{"rendered":"http:\/\/nl.ijs.si\/frenk\/?page_id=50"},"modified":"2017-07-13T19:41:12","modified_gmt":"2017-07-13T19:41:12","slug":"rocno-in-avtomatsko-oznacevanje-dnd","status":"publish","type":"page","link":"https:\/\/nl.ijs.si\/frenk\/projekt-arrs-j7-8280\/rocno-in-avtomatsko-oznacevanje-dnd\/","title":{"rendered":"Ro\u010dno in avtomatsko ozna\u010devanje DND"},"content":{"rendered":"<p style=\"text-align: justify;\">Pomemben del projekta bo gradnja podatkovne zbirke, ki bo ro\u010dno ozna\u010dena s tipom in tar\u010do DND (N2.1), kar je predpogoj za razvoj orodja za avtomatsko ozna\u010devanje v N2.3. Ro\u010dno ozna\u010dena podatkovna zbirka bo obenem slu\u017eila tudi za jezikoslovne in dru\u017eboslovne raziskave v DS3. Dobro premi\u0161ljeno ozna\u010devanje, ki ga bodo izvedli strokovnjaki za DND, bo bistveno pripomoglo k napredku ra\u010dunalni\u0161kojezikoslovnih raziskav DND, kjer so ozna\u010devalne kampanje doslej potekale precej naivno. Ozna\u010devanje bo izvedeno v skladu z na\u010delom MATTER, pri katerem ozna\u010devanje ni linearno, temve\u010d sestoji iz dveh ali treh ciklov, rezultat tega pa je visokokakovostna podatkovna zbirka.<\/p>\n<div id=\"themify_builder_content-50\" data-postid=\"50\" class=\"themify_builder_content themify_builder_content-50 themify_builder\">\n    <\/div>\n<!-- \/themify_builder_content -->\n","protected":false},"excerpt":{"rendered":"<p>Pomemben del projekta bo gradnja podatkovne zbirke, ki bo ro\u010dno ozna\u010dena s tipom in tar\u010do DND (N2.1), kar je predpogoj za razvoj orodja za avtomatsko ozna\u010devanje v N2.3. Ro\u010dno ozna\u010dena podatkovna zbirka bo obenem slu\u017eila tudi za jezikoslovne in dru\u017eboslovne raziskave v DS3. Dobro premi\u0161ljeno ozna\u010devanje, ki ga bodo izvedli strokovnjaki za DND, bo bistveno [&hellip;]<\/p>\n","protected":false},"author":1,"featured_media":0,"parent":8,"menu_order":0,"comment_status":"closed","ping_status":"closed","template":"","meta":{"footnotes":""},"class_list":["post-50","page","type-page","status-publish","hentry","no-post-title","has-post-date","has-post-category","has-post-tag","has-post-comment","has-post-author",""],"builder_content":"","_links":{"self":[{"href":"https:\/\/nl.ijs.si\/frenk\/wp-json\/wp\/v2\/pages\/50","targetHints":{"allow":["GET"]}}],"collection":[{"href":"https:\/\/nl.ijs.si\/frenk\/wp-json\/wp\/v2\/pages"}],"about":[{"href":"https:\/\/nl.ijs.si\/frenk\/wp-json\/wp\/v2\/types\/page"}],"author":[{"embeddable":true,"href":"https:\/\/nl.ijs.si\/frenk\/wp-json\/wp\/v2\/users\/1"}],"replies":[{"embeddable":true,"href":"https:\/\/nl.ijs.si\/frenk\/wp-json\/wp\/v2\/comments?post=50"}],"version-history":[{"count":4,"href":"https:\/\/nl.ijs.si\/frenk\/wp-json\/wp\/v2\/pages\/50\/revisions"}],"predecessor-version":[{"id":309,"href":"https:\/\/nl.ijs.si\/frenk\/wp-json\/wp\/v2\/pages\/50\/revisions\/309"}],"up":[{"embeddable":true,"href":"https:\/\/nl.ijs.si\/frenk\/wp-json\/wp\/v2\/pages\/8"}],"wp:attachment":[{"href":"https:\/\/nl.ijs.si\/frenk\/wp-json\/wp\/v2\/media?parent=50"}],"curies":[{"name":"wp","href":"https:\/\/api.w.org\/{rel}","templated":true}]}}