{"id":349,"date":"2017-07-14T17:23:36","date_gmt":"2017-07-14T17:23:36","guid":{"rendered":"http:\/\/nl.ijs.si\/frenk\/?page_id=349"},"modified":"2021-09-30T13:42:59","modified_gmt":"2021-09-30T11:42:59","slug":"viri","status":"publish","type":"page","link":"https:\/\/nl.ijs.si\/frenk\/rezultati\/viri\/","title":{"rendered":"Viri"},"content":{"rendered":"<h2>2021<\/h2>\n<ul>\n<li>Ljube\u0161i\u0107, N., Fi\u0161er, D., Erjavec, T. (2021). Offensive language dataset of Croatian, English and Slovenian comments FRENK 1.0, Slovenian language resource repository CLARIN.SI, <a href=\"http:\/\/hdl.handle.net\/11356\/1433\">http:\/\/hdl.handle.net\/11356\/1433<\/a>.<\/li>\n<li>Ljube\u0161i\u0107, Nikola (2021). Text collection for training the BERTi\u0107 transformer model BERTi\u0107-data, Slovenian language resource repository CLARIN.SI, <a href=\"http:\/\/hdl.handle.net\/11356\/1426\">http:\/\/hdl.handle.net\/11356\/1426<\/a>.<\/li>\n<\/ul>\n<h2>2018<\/h2>\n<ul>\n<li>Ljube\u0161i\u0107, N., Erjavec, T., Fi\u0161er, D. (2018). Dataset and baseline model of moderated content FRENK-MMC-RTV 1.0, Slovenian language resource repository CLARIN.SI, <a href=\"http:\/\/hdl.handle.net\/11356\/1201\">http:\/\/hdl.handle.net\/11356\/1201<\/a>.<\/li>\n<li>Ljube\u0161i\u0107, N., Erjavec, T., Fi\u0161er, D., (2018). Dataset and baseline model of moderated content FRENK-STYRIA-24sata 1.0, Slovenian language resource repository CLARIN.SI, <a href=\"http:\/\/hdl.handle.net\/11356\/1202\">http:\/\/hdl.handle.net\/11356\/1202<\/a>.<\/li>\n<\/ul>\n\n<div id=\"themify_builder_content-349\" data-postid=\"349\" class=\"themify_builder_content themify_builder_content-349 themify_builder\">\n    <\/div>\n\n","protected":false},"excerpt":{"rendered":"<p>2021 Ljube\u0161i\u0107, N., Fi\u0161er, D., Erjavec, T. (2021). Offensive language dataset of Croatian, English and Slovenian comments FRENK 1.0, Slovenian language resource repository CLARIN.SI, http:\/\/hdl.handle.net\/11356\/1433. Ljube\u0161i\u0107, Nikola (2021). Text collection for training the BERTi\u0107 transformer model BERTi\u0107-data, Slovenian language resource repository CLARIN.SI, http:\/\/hdl.handle.net\/11356\/1426. 2018 Ljube\u0161i\u0107, N., Erjavec, T., Fi\u0161er, D. (2018). Dataset and baseline model [&hellip;]<\/p>\n","protected":false},"author":1,"featured_media":0,"parent":14,"menu_order":0,"comment_status":"closed","ping_status":"closed","template":"","meta":{"footnotes":""},"class_list":["post-349","page","type-page","status-publish","hentry","no-post-title","has-post-date","has-post-category","has-post-tag","has-post-comment","has-post-author",""],"builder_content":"","_links":{"self":[{"href":"https:\/\/nl.ijs.si\/frenk\/wp-json\/wp\/v2\/pages\/349","targetHints":{"allow":["GET"]}}],"collection":[{"href":"https:\/\/nl.ijs.si\/frenk\/wp-json\/wp\/v2\/pages"}],"about":[{"href":"https:\/\/nl.ijs.si\/frenk\/wp-json\/wp\/v2\/types\/page"}],"author":[{"embeddable":true,"href":"https:\/\/nl.ijs.si\/frenk\/wp-json\/wp\/v2\/users\/1"}],"replies":[{"embeddable":true,"href":"https:\/\/nl.ijs.si\/frenk\/wp-json\/wp\/v2\/comments?post=349"}],"version-history":[{"count":8,"href":"https:\/\/nl.ijs.si\/frenk\/wp-json\/wp\/v2\/pages\/349\/revisions"}],"predecessor-version":[{"id":654,"href":"https:\/\/nl.ijs.si\/frenk\/wp-json\/wp\/v2\/pages\/349\/revisions\/654"}],"up":[{"embeddable":true,"href":"https:\/\/nl.ijs.si\/frenk\/wp-json\/wp\/v2\/pages\/14"}],"wp:attachment":[{"href":"https:\/\/nl.ijs.si\/frenk\/wp-json\/wp\/v2\/media?parent=349"}],"curies":[{"name":"wp","href":"https:\/\/api.w.org\/{rel}","templated":true}]}}