{"id":347,"date":"2017-07-14T17:22:59","date_gmt":"2017-07-14T17:22:59","guid":{"rendered":"http:\/\/nl.ijs.si\/frenk\/?page_id=347"},"modified":"2024-01-17T09:01:04","modified_gmt":"2024-01-17T08:01:04","slug":"publikacije","status":"publish","type":"page","link":"https:\/\/nl.ijs.si\/frenk\/rezultati\/publikacije\/","title":{"rendered":"Publikacije"},"content":{"rendered":"<h2>2021<\/h2>\n<ul>\n<li>Pahor de Maiti, K., &amp; Fi\u0161er, D. (2021). Working with socially unacceptable discourse online: annotators\u2019 and researchers\u2019 reactions to distressing data. <em>Proceedings of the<\/em> 8<em>th Conference on Computer-Mediated Communication (CMC) and Social Media Corpora<\/em><i>, <\/i>CMC-Corpora 2021, Nijmegen, the Netherlands. [<a href=\"https:\/\/cmc-corpora.org\/publications\/cmc-corpora-2021\/cmc-corpora-2021.pdf\">pdf<\/a>]<\/li>\n<\/ul>\n<h2>2020<\/h2>\n<ul>\n<li>Fi\u0161er, D., Smith, P. (Eds.). (2020). The dark side of digital platforms : linguistic investigations of socially unacceptable online discourse practices. Ljubljana: University Press, Faculty of Arts. [<a href=\"https:\/\/e-knjige.ff.uni-lj.si\/znanstvena-zalozba\/catalog\/book\/191\">pdf<\/a>]<\/li>\n<li>Fijav\u017e, Z., &amp; Fi\u0161er, D. (2020). Corpus-assisted analysis of water flow metaphors in Slovene online news migration discourse of 2015. In Fi\u0161er, D., Smith, P. (Eds.). <em style=\"color: initial;\">The Dark Side of Digital Platforms: Linguistic Investigations of socially unacceptable online discourse practices.<\/em><span style=\"color: initial;\"> 56\u201384.<\/span>\u00a0[<a href=\"https:\/\/e-knjige.ff.uni-lj.si\/znanstvena-zalozba\/catalog\/view\/191\/288\/4963-1\">pdf<\/a>]<\/li>\n<li>Gorjanc, V., &amp; Fi\u0161er, D. (2020). Twitter discourse on LGBTQ+ in Slovenia. In Fi\u0161er, D., Smith, P. (Eds.). <em>The Dark Side of Digital Platforms: Linguistic Investigations of socially unacceptable online discourse practices<\/em>, 36-55. [<a href=\"https:\/\/e-knjige.ff.uni-lj.si\/znanstvena-zalozba\/catalog\/view\/191\/288\/4962-1\">pdf<\/a>]<\/li>\n<li>Pahor de Maiti, K., Fi\u0161er, D., &amp; Ljube\u0161i\u0107, N. (2020). Nonstandard linguistic features of Slovene socially unacceptable discourse on Facebook. In Fi\u0161er, D., Smith, P. (Eds.). <em style=\"color: initial;\">The Dark Side of Digital Platforms: Linguistic Investigations of socially unacceptable online discourse practices.<\/em><span style=\"color: initial;\">\u00a0<\/span>12\u201334. [<a href=\"https:\/\/e-knjige.ff.uni-lj.si\/znanstvena-zalozba\/catalog\/view\/191\/288\/4961-1\">pdf<\/a>]<\/li>\n<li>Pahor de Maiti, K., Fi\u0161er, D., Ljube\u0161i\u0107, N., &amp; Erjavec, T. (2020). Analiza kazalnih zaimkov v dru\u017ebeno nesprejemljivih spletnih komentarjih.\u00a0<em>Sloven\u0161\u010dina-diskurzi, zvrsti in jeziki med identiteto in funkcijo<\/em>, 89-99. [<a href=\"https:\/\/centerslo.si\/wp-content\/uploads\/2020\/11\/Obdobja-39_PahordeMaiti_Fiser_Ljubesic_Erjavec.pdf\">pdf<\/a>]<\/li>\n<li>Pahor de Maiti, K., Fi\u0161er, D., Ljube\u0161i\u0107, N., &amp; Erjavec, T. (2020). Grammatical Footprint of Socially Unacceptable Facebook Comments. <em><em>Proceedings of the Conference <\/em><\/em><em style=\"font-size: revert; color: initial;\">on Language Technologies &amp; Digital Humanities. Ljubljana: In\u0161titut za novej\u0161o zgodovino. <\/em><span style=\"font-size: revert; color: initial;\">48-57. [<a href=\"http:\/\/nl.ijs.si\/jtdh20\/pdf\/JT-DH_2020_PahordeMaiti-et-al_Grammatical-Footprint-of-Socially-Unacceptable-Facebook-Comments.pdf\">pdf<\/a>]<\/span><\/li>\n<li>Vehovar, V., Pov\u017e, B., Fi\u0161er, D., Ljube\u0161i\u0107, N., \u0160ulc, A. &amp; Jontes, D. (2020). Dru\u017ebeno nesprejemljivi diskurz na facebookovih straneh novi\u010darskih portalov. <i>Teorija in Praksa<\/i>,\u00a0<i>57<\/i>(2). [<a href=\"https:\/\/www.fdv.uni-lj.si\/docs\/default-source\/tip\/dru%C5%BEbeno-nesprejemljivi-diskurz-na-facebookovih-straneh-novi%C4%8Darskih-portalov.pdf?sfvrsn=0\">pdf<\/a>]<\/li>\n<li>\u0160ulc, A., &amp; Pahor de Maiti, K. (2020). No room for hate: What research about socially unacceptable discourse taught us about collaboration? <em>Proceedings of the Twin Talks 2 and 3 Workshops <\/em><em>at DHN 2020 and DH 2020.<\/em>132-143. [<a href=\"http:\/\/ceur-ws.org\/Vol-2717\/paper14.pdf\">pdf<\/a>]<\/li>\n<\/ul>\n<h2>2019<\/h2>\n<ul>\n<li>Fi\u0161er, D., Kalin Golob, M. (2019). Corporate Communication on Twitter in Slovenia: A Corpus Analysis. <i>Prispevki za novej\u0161o zgodovino<\/i>,\u00a0<i>59<\/i>(1). [<a href=\"https:\/\/ojs.inz.si\/pnz\/article\/view\/338\/597\">html<\/a>]<\/li>\n<li>Fi\u0161er, D., &amp; Ljube\u0161i\u0107, N. (2019). Distributional modelling for semantic shift detection.\u00a0<em>International Journal of Lexicography<\/em>,\u00a0<em>32<\/em>(2), 163-183. <a href=\"https:\/\/doi.org\/10.1093\/ijl\/ecy011\">https:\/\/doi.org\/10.1093\/ijl\/ecy011<\/a><\/li>\n<li>Fi\u0161er, D., Ljube\u0161i\u0107, N., Erjavec, T. (2019). Parlameter-a Corpus of Contemporary Slovene Parliamentary Proceedings. <i>Prispevki za novej\u0161o zgodovino<\/i>,\u00a0<i>59<\/i>(1). [<a href=\"https:\/\/ojs.inz.si\/pnz\/article\/view\/327\/615\">html<\/a>]<\/li>\n<li>Franza, J., Fi\u0161er, D. (2019). The lexical inventory of Slovene socially unacceptable discourse on Facebook. <em>Proceedings of the<\/em> <em>7th Conference on Computer-Mediated Communication (CMC) and Social Media Corpora<\/em><i>, <\/i>CMC-Corpora 2019, Cergy-Pontoise, Francija. [<a href=\"https:\/\/hal.archives-ouvertes.fr\/hal-02292616\/document#page=50\">pdf<\/a>]<\/li>\n<li>Ljube\u0161i\u0107, N., Dobrovoljc, K. 2019. What does Neural Bring? Analysing Improvements in Morphosyntactic Annotation and Lemmatisation of Slovenian, Croatian and Serbian. <i>Proceedings of the 7th Workshop on Balto-Slavic Natural Language Processing, <\/i>BSNLP 2019, Firence, Italija. [<a href=\"https:\/\/www.aclweb.org\/anthology\/W19-3704.pdf\">pdf<\/a>]<\/li>\n<li>Ljube\u0161i\u0107, N., Fi\u0161er, D., Erjavec, T. (2019). The FRENK Datasets of Socially Unacceptable Discourse in Slovene and English. <em>Proceedings of <\/em><i>International Conference on Text, Speech, and Dialogue, <\/i>TSD 2019, Ljubljana, Slovenija. [<a href=\"https:\/\/arxiv.org\/pdf\/1906.02045.pdf\">pdf<\/a>]<\/li>\n<li>Ljube\u0161i\u0107, N., Petrovi\u0107, M. M., Samard\u017ei\u0107, T. (2019). Jezi\u010dna akomodacija na Twitteru: primjer Srbije. <i>Slavisti\u010dna revija<\/i>,\u00a0<i>67<\/i>(1). [<a href=\"https:\/\/srl.si\/ojs\/srl\/article\/view\/2019-1-1-6\">pdf<\/a>]<\/li>\n<li>Pahor de Maiti, K., Fi\u0161er, D., Ljube\u0161i\u0107, N. (2019). How haters write: analysis of nonstandard language in online hate speech. <em>Proceedings of the<\/em> <em>7th Conference on Computer-Mediated Communication (CMC) and Social Media Corpora<\/em><i>, <\/i>CMC-Corpora 2019, Cergy-Pontoise, France. [<a href=\"https:\/\/hal.archives-ouvertes.fr\/hal-02292616\/document#page=44\">pdf<\/a>]<\/li>\n<\/ul>\n<h2>2018<\/h2>\n<ul>\n<li>Fi\u0161er, D., Kalin Golob, M. (2018). Analiza tvitov slovenskih korporativnih uporabnikov. Zbornik konference Jezikovne tehnologije in digitalna humanistika<em>,\u00a0<\/em>JTDH 2018, Ljubljana, Slovenija. [<a href=\"http:\/\/www.sdjt.si\/wp\/wp-content\/uploads\/2018\/09\/JTDH-2018_Fiser-et-al_Analiza-tvitov-slovenskih-korporativnih-uporabnikov.pdf\">pdf<\/a>]<\/li>\n<li>Fi\u0161er, D., Ljube\u0161i\u0107, N., &amp; Erjavec, T. (2018). The Janes project: language resources and tools for Slovene user generated content.\u00a0<i>Language Resources and Evaluation<\/i>, 1-24. [<a href=\"https:\/\/rdcu.be\/7RX4\">html<\/a>]<\/li>\n<li>Gorjanc, V., Fi\u0161er, D. (2018). Twitter in razmerja mo\u010di: diskurzna analiza kampanj ob referendumu za izena\u010ditev zakonskih zvez v Sloveniji. <i>Slavisti\u010dna revija<\/i>,\u00a0<i>66<\/i>(4). [<a href=\"https:\/\/srl.si\/ojs\/srl\/article\/view\/2018-4-1-5\">pdf<\/a>]<\/li>\n<li>Ljube\u0161i\u0107, N., Erjavec, T., Fi\u0161er, D. (2018). Datasets of Slovene and Croatian Moderated News Comments. <i>Proceedings of the 2nd Workshop on Abusive Language Online, <\/i>ALW2, Bruselj, Belgija<i>. <\/i>[<a href=\"https:\/\/www.aclweb.org\/anthology\/W18-5116.pdf\">pdf<\/a>]<\/li>\n<li>Ljube\u0161ic, N., Fi\u0161er, D., Erjavec, T., &amp; Dobranic, F. (2018). The Parlameter corpus of contemporary Slovene parliamentary proceedings. Zbornik konference Jezikovne tehnologije in digitalna humanistika<em>,\u00a0<\/em>JTDH 2018, Ljubljana, Slovenija. [<a href=\"https:\/\/pdfs.semanticscholar.org\/338f\/1b686f8db050c2260e90dc233c13b9f8bfa1.pdf\">pdf<\/a>]<\/li>\n<li>Ljube\u0161i\u0107, N., Fi\u0161er, D., Peti-Stanti\u0107, A. (2018). Predicting concreteness and imageability of words within and across languages via word embeddings. <i>arXiv preprint arXiv:1807.02903<\/i>. [<a href=\"https:\/\/arxiv.org\/pdf\/1807.02903.pdf\">pdf<\/a>]<\/li>\n<\/ul>\n<h2>2017<\/h2>\n<ul>\n<li>Fi\u0161er, D., Ljube\u0161i\u0107, N., Erjavec, T. (2017). Legal framework, dataset and annotation schema for socially unacceptable online discourse practices in Slovene. <em>Proceedings of the 1st Workshop on Abusive Language Online<\/em>, ACL 2017, Vancouver, Kanada. [<a href=\"https:\/\/www.aclweb.org\/anthology\/W17-3007.pdf\">pdf<\/a>]<\/li>\n<li>Ljube\u0161i\u0107, N., Fi\u0161er, D., Erjavec, T. (2017). Language-independent gender prediction on Twitter. <em>Proceedings of the Second Workshop on Natural Language Processing and Computational Social Science<\/em>, ACL 2017, Vancouver, Kanada. [<a href=\"https:\/\/www.aclweb.org\/anthology\/W17-2901.pdf\">pdf<\/a>]<\/li>\n<li>Fijav\u017e, Z. (2017). <em>Korpusno podprta analiza metafor vodnega toka v slovenskem migracijskem diskurzu v letu 2015.\u00a0<\/em>Diplomska seminarska naloga. [<a href=\"https:\/\/nl.ijs.si\/frenk\/wp-content\/uploads\/2017\/11\/Zoran-Fijav\u017e_Metafore-toka_FF-1.pdf\">pdf<\/a>]<\/li>\n<\/ul>\n\n<div id=\"themify_builder_content-347\" data-postid=\"347\" class=\"themify_builder_content themify_builder_content-347 themify_builder\">\n    <\/div>\n\n\n\n\n<p><\/p>\n","protected":false},"excerpt":{"rendered":"<p>2021 Pahor de Maiti, K., &amp; Fi\u0161er, D. (2021). Working with socially unacceptable discourse online: annotators\u2019 and researchers\u2019 reactions to distressing data. Proceedings of the 8th Conference on Computer-Mediated Communication (CMC) and Social Media Corpora, CMC-Corpora 2021, Nijmegen, the Netherlands. [pdf] 2020 Fi\u0161er, D., Smith, P. (Eds.). (2020). The dark side of digital platforms : [&hellip;]<\/p>\n","protected":false},"author":1,"featured_media":0,"parent":14,"menu_order":0,"comment_status":"closed","ping_status":"closed","template":"","meta":{"footnotes":""},"class_list":["post-347","page","type-page","status-publish","hentry","no-post-title","has-post-date","has-post-category","has-post-tag","has-post-comment","has-post-author",""],"builder_content":"","_links":{"self":[{"href":"https:\/\/nl.ijs.si\/frenk\/wp-json\/wp\/v2\/pages\/347","targetHints":{"allow":["GET"]}}],"collection":[{"href":"https:\/\/nl.ijs.si\/frenk\/wp-json\/wp\/v2\/pages"}],"about":[{"href":"https:\/\/nl.ijs.si\/frenk\/wp-json\/wp\/v2\/types\/page"}],"author":[{"embeddable":true,"href":"https:\/\/nl.ijs.si\/frenk\/wp-json\/wp\/v2\/users\/1"}],"replies":[{"embeddable":true,"href":"https:\/\/nl.ijs.si\/frenk\/wp-json\/wp\/v2\/comments?post=347"}],"version-history":[{"count":34,"href":"https:\/\/nl.ijs.si\/frenk\/wp-json\/wp\/v2\/pages\/347\/revisions"}],"predecessor-version":[{"id":696,"href":"https:\/\/nl.ijs.si\/frenk\/wp-json\/wp\/v2\/pages\/347\/revisions\/696"}],"up":[{"embeddable":true,"href":"https:\/\/nl.ijs.si\/frenk\/wp-json\/wp\/v2\/pages\/14"}],"wp:attachment":[{"href":"https:\/\/nl.ijs.si\/frenk\/wp-json\/wp\/v2\/media?parent=347"}],"curies":[{"name":"wp","href":"https:\/\/api.w.org\/{rel}","templated":true}]}}