{"id":300,"date":"2017-07-13T19:37:35","date_gmt":"2017-07-13T19:37:35","guid":{"rendered":"http:\/\/nl.ijs.si\/frenk\/?page_id=300"},"modified":"2017-07-13T19:39:38","modified_gmt":"2017-07-13T19:39:38","slug":"o-projektu","status":"publish","type":"page","link":"https:\/\/nl.ijs.si\/frenk\/o-projektu\/","title":{"rendered":"O projektu"},"content":{"rendered":"<p style=\"text-align: justify;\">Delovni na\u010drt je sestavljen iz treh vsebinskih delovnih sklopov:<\/p>\n<ul>\n<li style=\"text-align: justify;\">Prvi delovni sklop se posve\u010da izgradnji korpusov, ki bodo omogo\u010dili empiri\u010dne raziskave v projektu, in vklju\u010duje jezikoslovno obdelavo in obogatitev metapodatkov v korpusu.<\/li>\n<li style=\"text-align: justify;\">Drugi delovni sklop bo razvil tipologijo DND in njegovih tar\u010d (skupine in posamezniki, proti katerim je DND usmerjen), v skladu s katero bo nato ro\u010dno ozna\u010den reprezentativen vzorec DND, ki bo slu\u017eil kot zlati standard za analizo DND. S pomo\u010djo podatkovne zbirke in tehnik strojnega u\u010denja bo razvita tudi avtomatska metoda za prepoznavanje in kategorizacijo DND ter njegovih tar\u010d.<\/li>\n<li style=\"text-align: justify;\">Tretji delovni sklop vsebuje interdisciplinarne sociolingvisti\u010dne analize, izvedene na zgrajenih jezikovnih virih z metodami korpusnega jezikoslovja, kriti\u010dne analize diskurza, pravne analize in inferen\u010dne statistike, ki jih dopolnjujejo tudi raziskave o dojemanju DND v slovenski dru\u017ebi z metodo anketiranja.<\/li>\n<\/ul>\n<div id=\"themify_builder_content-300\" data-postid=\"300\" class=\"themify_builder_content themify_builder_content-300 themify_builder\">\n    <\/div>\n<!-- \/themify_builder_content -->\n","protected":false},"excerpt":{"rendered":"<p>Delovni na\u010drt je sestavljen iz treh vsebinskih delovnih sklopov: Prvi delovni sklop se posve\u010da izgradnji korpusov, ki bodo omogo\u010dili empiri\u010dne raziskave v projektu, in vklju\u010duje jezikoslovno obdelavo in obogatitev metapodatkov v korpusu. Drugi delovni sklop bo razvil tipologijo DND in njegovih tar\u010d (skupine in posamezniki, proti katerim je DND usmerjen), v skladu s katero bo [&hellip;]<\/p>\n","protected":false},"author":1,"featured_media":0,"parent":0,"menu_order":0,"comment_status":"closed","ping_status":"closed","template":"","meta":{"footnotes":""},"class_list":["post-300","page","type-page","status-publish","hentry","no-post-title","has-post-date","has-post-category","has-post-tag","has-post-comment","has-post-author",""],"builder_content":"","_links":{"self":[{"href":"https:\/\/nl.ijs.si\/frenk\/wp-json\/wp\/v2\/pages\/300","targetHints":{"allow":["GET"]}}],"collection":[{"href":"https:\/\/nl.ijs.si\/frenk\/wp-json\/wp\/v2\/pages"}],"about":[{"href":"https:\/\/nl.ijs.si\/frenk\/wp-json\/wp\/v2\/types\/page"}],"author":[{"embeddable":true,"href":"https:\/\/nl.ijs.si\/frenk\/wp-json\/wp\/v2\/users\/1"}],"replies":[{"embeddable":true,"href":"https:\/\/nl.ijs.si\/frenk\/wp-json\/wp\/v2\/comments?post=300"}],"version-history":[{"count":3,"href":"https:\/\/nl.ijs.si\/frenk\/wp-json\/wp\/v2\/pages\/300\/revisions"}],"predecessor-version":[{"id":307,"href":"https:\/\/nl.ijs.si\/frenk\/wp-json\/wp\/v2\/pages\/300\/revisions\/307"}],"wp:attachment":[{"href":"https:\/\/nl.ijs.si\/frenk\/wp-json\/wp\/v2\/media?parent=300"}],"curies":[{"name":"wp","href":"https:\/\/api.w.org\/{rel}","templated":true}]}}