{"id":11,"date":"2017-05-15T16:53:43","date_gmt":"2017-05-15T16:53:43","guid":{"rendered":"http:\/\/nl.ijs.si\/frenk\/?page_id=11"},"modified":"2024-01-17T09:00:04","modified_gmt":"2024-01-17T08:00:04","slug":"raziskovalci","status":"publish","type":"page","link":"https:\/\/nl.ijs.si\/frenk\/izvajalci\/raziskovalci\/","title":{"rendered":"Raziskovalci"},"content":{"rendered":"<p><strong>Institut &#8220;Jo\u017eef Stefan&#8221;:<\/strong><\/p>\n<ul>\n<li><a href=\"http:\/\/nl.ijs.si\/et\/index-sl.html\">Toma\u017e Erjavec<\/a> [<a href=\"https:\/\/cris.cobiss.net\/ecris\/si\/sl\/researcher\/5299\">SICRIS 5299<\/a>]<\/li>\n<li><a href=\"http:\/\/nlp.ffzg.hr\/people\/nikola-ljubesic\/\">Nikola Ljube\u0161i\u0107<\/a> [<a href=\"https:\/\/cris.cobiss.net\/ecris\/si\/sl\/researcher\/42387\">SICRIS\u00a042387<\/a>]<\/li>\n<li><a href=\"http:\/\/montun.ijs.si\/mozetic\/\">Igor Mozeti\u010d<\/a> [<a href=\"https:\/\/cris.cobiss.net\/ecris\/si\/sl\/researcher\/4773\">SICRIS\u00a04773<\/a>]<\/li>\n<\/ul>\n<p><strong>Filozofska fakulteta, UL:<\/strong><\/p>\n<ul>\n<li>Maja Bitenc [<a href=\"https:\/\/cris.cobiss.net\/ecris\/si\/sl\/researcher\/33359\">SICRIS\u00a033359<\/a>]<\/li>\n<li><a href=\"http:\/\/www.prevajalstvo.net\/ucitelj\/83\">Jaka \u010cibej<\/a> [<a href=\"https:\/\/cris.cobiss.net\/ecris\/si\/sl\/researcher\/42448\">SICRIS\u00a042448<\/a>]<\/li>\n<li><a href=\"http:\/\/lojze.lugos.si\/darja\/\">Darja Fi\u0161er<\/a> [<a href=\"https:\/\/cris.cobiss.net\/ecris\/si\/sl\/researcher\/19811\">SICRIS\u00a019811<\/a>]<\/li>\n<li><a href=\"http:\/\/www.prevajalstvo.net\/ucitelj\/7\">Vojko Gorjanc<\/a> [<a href=\"https:\/\/cris.cobiss.net\/ecris\/si\/sl\/researcher\/8485\">SICRIS\u00a08485<\/a>]<\/li>\n<\/ul>\n<p><strong>Mirovni in\u0161titut:<\/strong><\/p>\n<ul>\n<li><a href=\"http:\/\/www.mirovni-institut.si\/sodelavci\/veronika-bajt\/\">Veronika Bajt<\/a> [<a href=\"https:\/\/cris.cobiss.net\/ecris\/si\/sl\/researcher\/21006\">SICRIS\u00a021006<\/a>]<\/li>\n<li><a href=\"http:\/\/www.mirovni-institut.si\/sodelavci\/neza-kogovsek-salamon\/\">Ne\u017ea Kogov\u0161ek \u0160alomon<\/a><\/li>\n<li><a href=\"http:\/\/www.mirovni-institut.si\/sodelavci\/irena-salmic\/\">Irena Salmi\u010d<\/a> [<a href=\"https:\/\/cris.cobiss.net\/ecris\/si\/sl\/researcher\/12430\">SICRIS\u00a012430<\/a>]<\/li>\n<\/ul>\n<p><strong>Fakulteta za dru\u017ebene vede, UL:<\/strong><\/p>\n<ul>\n<li><a href=\"https:\/\/www.fdv.uni-lj.si\/obvestila-in-informacije\/imenik-sodelavcev\/strokovne-sluzbe\/kartica\/eva-bertok\/\">Eva Bertok<\/a> [<a href=\"https:\/\/cris.cobiss.net\/ecris\/si\/sl\/researcher\/39332\">SICRIS\u00a039332<\/a>]<\/li>\n<li><a href=\"https:\/\/www.fdv.uni-lj.si\/obvestila-in-informacije\/imenik-sodelavcev\/raziskovalci\/kartica\/jernej-berzelak\/\">Jernej Berzelak<\/a> [<a href=\"https:\/\/cris.cobiss.net\/ecris\/si\/sl\/researcher\/33391\">SICRIS\u00a033391<\/a>]<\/li>\n<li><a href=\"https:\/\/www.fdv.uni-lj.si\/obvestila-in-informacije\/imenik-sodelavcev\/strokovne-sluzbe\/kartica\/andrej-motl\/\">Andrej Motl<\/a> [<a href=\"https:\/\/cris.cobiss.net\/ecris\/si\/sl\/researcher\/45570\">SICRIS\u00a045570<\/a>]<\/li>\n<li><a href=\"https:\/\/www.fdv.uni-lj.si\/obvestila-in-informacije\/imenik-sodelavcev\/pedagogi\/kartica\/vasja-vehovar\/\">Vasja Vehovar<\/a> [<a href=\"https:\/\/cris.cobiss.net\/ecris\/si\/sl\/researcher\/6908\">SICRIS\u00a06908<\/a>]<\/li>\n<\/ul>\n<p>\u00a0<\/p>\n\n<div id=\"themify_builder_content-11\" data-postid=\"11\" class=\"themify_builder_content themify_builder_content-11 themify_builder\">\n    <\/div>\n\n","protected":false},"excerpt":{"rendered":"<p>Institut &#8220;Jo\u017eef Stefan&#8221;: Toma\u017e Erjavec [SICRIS 5299] Nikola Ljube\u0161i\u0107 [SICRIS\u00a042387] Igor Mozeti\u010d [SICRIS\u00a04773] Filozofska fakulteta, UL: Maja Bitenc [SICRIS\u00a033359] Jaka \u010cibej [SICRIS\u00a042448] Darja Fi\u0161er [SICRIS\u00a019811] Vojko Gorjanc [SICRIS\u00a08485] Mirovni in\u0161titut: Veronika Bajt [SICRIS\u00a021006] Ne\u017ea Kogov\u0161ek \u0160alomon Irena Salmi\u010d [SICRIS\u00a012430] Fakulteta za dru\u017ebene vede, UL: Eva Bertok [SICRIS\u00a039332] Jernej Berzelak [SICRIS\u00a033391] Andrej Motl [SICRIS\u00a045570] Vasja Vehovar [&hellip;]<\/p>\n","protected":false},"author":1,"featured_media":0,"parent":360,"menu_order":0,"comment_status":"closed","ping_status":"closed","template":"","meta":{"footnotes":""},"class_list":["post-11","page","type-page","status-publish","hentry","no-post-title","has-post-date","has-post-category","has-post-tag","has-post-comment","has-post-author",""],"builder_content":"","_links":{"self":[{"href":"https:\/\/nl.ijs.si\/frenk\/wp-json\/wp\/v2\/pages\/11","targetHints":{"allow":["GET"]}}],"collection":[{"href":"https:\/\/nl.ijs.si\/frenk\/wp-json\/wp\/v2\/pages"}],"about":[{"href":"https:\/\/nl.ijs.si\/frenk\/wp-json\/wp\/v2\/types\/page"}],"author":[{"embeddable":true,"href":"https:\/\/nl.ijs.si\/frenk\/wp-json\/wp\/v2\/users\/1"}],"replies":[{"embeddable":true,"href":"https:\/\/nl.ijs.si\/frenk\/wp-json\/wp\/v2\/comments?post=11"}],"version-history":[{"count":65,"href":"https:\/\/nl.ijs.si\/frenk\/wp-json\/wp\/v2\/pages\/11\/revisions"}],"predecessor-version":[{"id":695,"href":"https:\/\/nl.ijs.si\/frenk\/wp-json\/wp\/v2\/pages\/11\/revisions\/695"}],"up":[{"embeddable":true,"href":"https:\/\/nl.ijs.si\/frenk\/wp-json\/wp\/v2\/pages\/360"}],"wp:attachment":[{"href":"https:\/\/nl.ijs.si\/frenk\/wp-json\/wp\/v2\/media?parent=11"}],"curies":[{"name":"wp","href":"https:\/\/api.w.org\/{rel}","templated":true}]}}